{"id":4004,"date":"2024-12-18T09:50:07","date_gmt":"2024-12-18T09:50:07","guid":{"rendered":"https:\/\/imballaggi.samagroup.it\/?page_id=4004"},"modified":"2025-08-25T08:32:55","modified_gmt":"2025-08-25T08:32:55","slug":"verarbeitung-personenbezogener-daten","status":"publish","type":"page","link":"https:\/\/imballaggi.samagroup.it\/de\/verarbeitung-personenbezogener-daten\/","title":{"rendered":"Verarbeitung personenbezogener Daten"},"content":{"rendered":"<h2><\/h2>\n<h1 class=\"ql-align-justify\">Informationen zur Verarbeitung personenbezogener Daten. G\u00fcltig ab 20 Juni 2025<\/h1>\n<p><strong>VORWORT<\/strong><\/p>\n<p>Diese Dokument ber\u00fccksichtigt die Bestimmungen der Verordnung (EU) 2016\/679 des Europ\u00e4ischen Parlaments und des Rates vom 27. April 2016 (DSGVO) und des Kodex zum Schutz personenbezogener Daten (Gesetzesvertretendes Dekret Nr. 196 vom 30. Juni 2003). Dieses Dokument wurde in \u00dcbereinstimmung mit den Richtlinien der Datenschutzbeh\u00f6rde (insbesondere den Richtlinien zur Bek\u00e4mpfung von Spam, die von der Datenschutzbeh\u00f6rde am 4. Juli 2013 herausgegeben wurden) verfasst.<br \/>\n<strong>Inhaber der Datenverarbeitung<\/strong>: {dati-titolare-del-sito}<\/p>\n<p>Website, auf die sich diese Datenschutzrichtlinie bezieht: <a href=\"https:\/\/imballaggi.samagroup.it\/de\/\">www.imballaggi.samagroup.it<\/a> (<strong>Website<\/strong>).<\/p>\n<p>Der Inhaber der Datenverarbeitung hat keinen beh\u00f6rdlichen Datenschutzbeauftragten (DSB) bestellt. Daher k\u00f6nnen Sie Ihre Anfragen direkt an den Inhaber der Datenverarbeitung richten.<\/p>\n<p><strong>ALLGEMEINE INFORMATIONEN<\/strong><\/p>\n<p>In diesem Dokument wird beschrieben, wie der Inhaber der Datenverarbeitung Ihre auf der Website bereitgestellten personenbezogenen Daten verarbeitet.<\/p>\n<p>Die wichtigsten Verarbeitungen Ihrer personenbezogenen Daten werden im Folgenden beschrieben. Insbesondere wird erl\u00e4utert, auf welcher Rechtsgrundlage die Verarbeitung erfolgt, ob die Bereitstellung personenbezogener Daten verpflichtend ist und welche Folgen die Nichtbereitstellung personenbezogener Daten hat. Um Ihre Rechte besser beschreiben zu k\u00f6nnen, haben wir gegebenenfalls angegeben, ob und wann eine bestimmte Verarbeitung personenbezogener Daten nicht durchgef\u00fchrt wird<\/p>\n<p><strong>Registrierung auf der Website<\/strong><\/p>\n<p>Die Website bietet keine M\u00f6glichkeit der Registrierung. Daher verarbeitet der Inhaber der Datenverarbeitung Ihre personenbezogenen Daten nicht zu diesem Zweck.<\/p>\n<p><strong>Eink\u00e4ufe auf der Website<\/strong><\/p>\n<p>Auf der Website k\u00f6nnen keine K\u00e4ufe get\u00e4tigt werden. Ihre personenbezogenen Daten werden daher nicht zu diesem Zweck verarbeitet. Der Inhaber der Datenverarbeitung verarbeitet die Daten des Nutzers nicht, um \u201eErinnerungs\u201c-E-Mails \u00fcber den Kauf von Produkten und\/oder Dienstleistungen des Inhabers der Datenverarbeitung zu versenden.<\/p>\n<p><strong>Beantwortung Ihrer Anfragen<\/strong><\/p>\n<p>Ihre Daten werden verarbeitet, um Ihre Anfragen zu beantworten. Die Bereitstellung dieser Informationen ist optional, aber Ihre Weigerung macht es dem Inhaber der Datenverarbeitung unm\u00f6glich, auf Ihre Fragen zu antworten. Die Rechtsgrundlage f\u00fcr die Verarbeitung ist das berechtigte Interesse des Inhabers der Datenverarbeitung an der Erf\u00fcllung der Anfragen des Nutzers. Dieses berechtigte Interesse ist gleichbedeutend mit dem Interesse des Nutzers, eine Antwort auf an den Inhaber der Datenverarbeitung gesendete Mitteilungen zu erhalten.<\/p>\n<p><strong>Allgemeines Marketing<\/strong><\/p>\n<p>Der Inhaber der Datenverarbeitung sendet Ihnen keine Werbematerialien und\/oder Newsletter zu, die sich auf seine eigenen Produkte oder die von Dritten beziehen. Wir verwenden Google-Dienste, wie Google Ads und Google Analytics, um Werbung zu personalisieren und die Benutzererfahrung zu verbessern. Dies umfasst die Erfassung personenbezogener Daten und Cookies, die verwendet werden, um Ihnen Anzeigen zu zeigen, die Ihren Pr\u00e4ferenzen entsprechen. Bei der Einwilligung werden Sie aufgefordert, die Nutzung dieser Daten zu autorisieren. Weitere Informationen zur Verwendung von Cookies und zur Verwaltung der Einwilligung finden Sie in der Cookie-Richtlinie dieser Website.<\/p>\n<p><strong>Profilierung<\/strong><\/p>\n<p>Der f\u00fcr die Verarbeitung Verantwortliche f\u00fchrt kein &#8222;Profiling&#8220; mit Ihren personenbezogenen Daten durch. Daher wird sie Ihnen keine Werbematerialien und\/oder Newsletter \u00fcber ihre eigenen Produkte oder die von Dritten, die Sie besonders interessieren, zusenden.<\/p>\n<p><strong>Daten\u00fcbertragung<\/strong><\/p>\n<p>Der Inhaber der Datenverarbeitung gibt Ihre personenbezogenen Daten nicht an Dritte weiter.<\/p>\n<p><strong>Geolokalisierung<\/strong><\/p>\n<p>Die Website verwendet keine Geolokalisierungstools f\u00fcr die IP-Adresse des Nutzers.<\/p>\n<p><strong>Curriculum Vitae<\/strong><\/p>\n<p>Es ist nicht m\u00f6glich, Lebensl\u00e4ufe \u00fcber die Website zu versenden. Ihre Daten werden daher nicht f\u00fcr diese Zwecke verarbeitet.<\/p>\n<p><strong>Buchungsservice<\/strong><\/p>\n<p>Auf der Website sind keine Terminbuchungssysteme Dritter aktiv. Ihre Daten werden daher nicht zu diesem Zweck verarbeitet. In jedem Fall k\u00f6nnen Sie sich jederzeit an den f\u00fcr die Verarbeitung Verantwortlichen unter den oben genannten Kontaktdaten wenden.<\/p>\n<p><strong>Fotografien und Videos<\/strong><br \/>\nDer f\u00fcr die Verarbeitung Verantwortliche beantragt nicht die Ver\u00f6ffentlichung von Fotos und\/oder Videos von Ihnen. Daher werden Ihre Daten nicht f\u00fcr diese Zwecke verarbeitet.<\/p>\n<p><strong>Web scraping<\/strong><\/p>\n<p>Der Einsatz automatisierter Verfahren oder Systeme f\u00fcr den Zugriff, die Erfassung, das Kopieren oder die \u00dcberwachung von Teilen unserer Website, einschlie\u00dflich, aber nicht beschr\u00e4nkt auf Web-Scraping-, Crawling- oder Spidering-Techniken, ist ausdr\u00fccklich verboten. Der f\u00fcr die Datenverarbeitung Verantwortliche beh\u00e4lt sich das Recht vor, alle erforderlichen Ma\u00dfnahmen, einschlie\u00dflich rechtlicher Schritte, zu ergreifen, um unerlaubte Scraping-Aktivit\u00e4ten zu verhindern und zu verfolgen. Durch die Nutzung der Website erkl\u00e4rt sich der Nutzer oder ein Dritter damit einverstanden, (i) keine automatisierten Systeme wie Bots, Scraper oder Spider zu verwenden, um auf die Website zuzugreifen oder mit ihr zu interagieren; (ii) keine Inhalte, Daten oder andere Informationen auf der Website ohne ausdr\u00fcckliche schriftliche Genehmigung zu sammeln; (iii) keine Inhalte, die durch Scraping-Techniken erworben wurden, ohne Genehmigung zu verbreiten, anzuzeigen, zu ver\u00f6ffentlichen oder anderweitig zu nutzen. Jeder Versto\u00df gegen diese Klausel wird als wesentlicher Versto\u00df gegen die Nutzungsbedingungen der Website betrachtet und f\u00fchrt zu entsprechenden Ma\u00dfnahmen, einschlie\u00dflich der m\u00f6glichen Sperrung des Zugangs zur Website und der Einleitung rechtlicher Schritte zum Schutz der Interessen des f\u00fcr die Verarbeitung Verantwortlichen.<\/p>\n<p><strong>Weitergabe der personenbezogenen Daten<\/strong><\/p>\n<p>Der Inhaber der Datenverarbeitung kann im Rahmen seiner normalen T\u00e4tigkeiten Ihre personenbezogenen Daten an bestimmte Personengruppen weitergeben. In Artikel 2 finden Sie die Liste der Personen, an die der Inhaber der Datenverarbeitung Ihre personenbezogenen Daten weitergibt. Um den Schutz Ihrer Rechte zu erleichtern, kann in Artikel 2 in bestimmten F\u00e4llen festgelegt werden, wann Ihre Daten nicht an Dritte weitergegeben werden.<\/p>\n<p>Die \u201eWeitergabe\u201c personenbezogener Daten an Dritte unterscheidet sich von der \u201e\u00dcbermittlung\u201c (geregelt im vorstehenden Punkt). In der Mitteilung darf der Dritte, an den die Daten \u00fcbermittelt werden, diese nur f\u00fcr die spezifischen Zwecke verwenden, die in der Beziehung zum Inhaber der Datenverarbeitung beschrieben sind. Bei der \u00dcbermittlung hingegen wird der Dritte zum autonomen Inhaber der Datenverarbeitung. Dar\u00fcber hinaus ist f\u00fcr die Weitergabe Ihrer personenbezogenen Daten an Dritte stets Ihre Zustimmung erforderlich.<\/p>\n<p>Ungeachtet des Vorstehenden kann der Inhaber der Datenverarbeitung Ihre personenbezogenen Daten dennoch verwenden, um seine Verpflichtungen gem\u00e4\u00df den geltenden Gesetzen ordnungsgem\u00e4\u00df zu erf\u00fcllen.<\/p>\n<p><strong>BESONDERE DATENSCHUTZBESTIMMUNGEN<\/strong><\/p>\n<p><strong>Art. 1 Methoden der Datenverarbeitung<\/strong><\/p>\n<p>1.1 Die Verarbeitung Ihrer personenbezogenen Daten erfolgt haupts\u00e4chlich mit Hilfe elektronischer oder automatisierter Mittel, gem\u00e4\u00df den Methoden und mit den Instrumenten, die geeignet sind.<\/p>\n<p>1.2 Die erfassten Informationen und die Art ihrer Verarbeitung m\u00fcssen sachdienlich sein und d\u00fcrfen im Verh\u00e4ltnis zur Art der erbrachten Dienstleistungen nicht \u00fcberm\u00e4\u00dfig sein. Die Daten werden auch in einer sicheren und den Umst\u00e4nden angemessenen Umgebung verwaltet und gesch\u00fctzt.<\/p>\n<p>1.3 \u00dcber die Website werden keine \u201ebesonderen Daten\u201c verarbeitet. Besondere Daten sind solche, aus denen die rassische und ethnische Herkunft, religi\u00f6se, philosophische oder sonstige \u00dcberzeugungen, politische Meinungen, die Zugeh\u00f6rigkeit zu Parteien, Gewerkschaften, Verb\u00e4nden oder Organisationen mit religi\u00f6sem, philosophischem, politischem oder gewerkschaftlichem Charakter, der Gesundheitszustand und das Sexualleben hervorgehen k\u00f6nnen.<\/p>\n<p>1.4 \u00dcber die Website werden keine gerichtlichen Daten verarbeitet.<\/p>\n<p><strong>Art. 2 Weitergabe von personenbezogenen Daten<\/strong><\/p>\n<p>Der Inhaber der Datenverarbeitung kann Ihre personenbezogenen Daten an bestimmte Kategorien von Personen weitergeben. Die Personen, denen der Inhaber der Datenverarbeitung das Recht vorbeh\u00e4lt, Ihre Daten zu \u00fcbermitteln, sind nachstehend aufgef\u00fchrt:<\/p>\n<p><i><i>Der Inhaber der Datenverarbeitung kann Ihre personenbezogenen Daten allen Personen (einschlie\u00dflich Beh\u00f6rden) mitteilen, die aufgrund von Rechts- oder Verwaltungsvorschriften Zugang zu personenbezogenen Daten haben.<\/i><\/i><\/p>\n<p><i>Ihre personenbezogenen Daten k\u00f6nnen all jenen \u00f6ffentlichen und\/oder privaten, nat\u00fcrlichen und\/oder juristischen Personen (Rechts-, Verwaltungs- und Steuerberatungsb\u00fcros, Gerichte, Handelskammern, Handwerkskammern und Arbeits\u00e4mter usw.) mitgeteilt werden, wenn sich die Weitergabe als notwendig oder zur ordnungsgem\u00e4\u00dfen Erf\u00fcllung der gesetzlichen Verpflichtungen zweckdienlich erweist.<\/i><\/p>\n<p><i>Der Inhaber der Datenverarbeitung setzt Angestellte und\/oder Mitarbeiter in jeglicher Funktion ein. F\u00fcr das ordnungsgem\u00e4\u00dfe Funktionieren der Website kann der Inhaber der Datenverarbeitung Ihre personenbezogenen Daten an diese Mitarbeiter und\/oder Kooperationspartner weitergeben.<\/i><\/p>\n<p><i>Im Rahmen seiner normalen T\u00e4tigkeit st\u00fctzt sich der Inhaber der Datenverarbeitung auf Unternehmen, Berater oder Fachleute, die mit der Installation, Wartung, Aktualisierung und allgemein mit der Verwaltung der Hardware und Software des Inhabers der Datenverarbeitung betraut werden k\u00f6nnen oder die dieser f\u00fcr die Erbringung seiner Dienstleistungen einsetzt. Daher k\u00f6nnen Ihre Daten nur zu diesen Zwecken auch von diesen Parteien verarbeitet werden.<\/i><\/p>\n<p><i>Der Inhaber der Datenverarbeitung macht keinen Gebrauch von CRM-Plattformen (Unternehmen, die automatisierte Mitteilungen an die Nutzer versenden). Ihre personenbezogenen Daten werden daher nicht an diese Unternehmen weitergegeben.<\/i><\/p>\n<p><i>Der Inhaber der Datenverarbeitung bedient sich keiner externen Unternehmen, um den Kundendienst zu leisten.<\/i><\/p>\n<p><i>Der Datenverantwortliche nutzt keine Banken und Unternehmen, die Zahlungsnetzwerke verwalten.<\/i><\/p>\n<p><i>Die pers\u00f6nlichen Daten des K\u00e4ufers werden nicht an Kuriere oder Spediteure weitergegeben. <\/i><\/p>\n<p>Der Inhaber beh\u00e4lt sich das Recht vor, die obige Liste auf der Grundlage seiner normalen Gesch\u00e4ftst\u00e4tigkeit zu \u00e4ndern. Sie werden daher gebeten, diese Mitteilung regelm\u00e4\u00dfig einzusehen, um zu \u00fcberpr\u00fcfen, an welche Stellen der Inhaber der Datenverarbeitung Ihre personenbezogenen Daten weitergibt.<\/p>\n<p><strong>Art. 3 Aufbewahrung von personenbezogenen Daten<\/strong><\/p>\n<p>3.1 Dieser Artikel beschreibt, wie lange sich der Inhaber der Datenverarbeitung das Recht vorbeh\u00e4lt, Ihre personenbezogenen Daten zu speichern.<\/p>\n<ul>\n<li>Ihre personenbezogenen Daten werden nur so lange gespeichert, wie es f\u00fcr die ordnungsgem\u00e4\u00dfe Erbringung der \u00fcber die Website angebotenen Dienstleistungen erforderlich ist.<\/li>\n<li>Zu Zwecken der Kundenbetreuung werden die Daten gel\u00f6scht, sobald die Dienstleistung abgeschlossen ist, in jedem Fall aber innerhalb einer Frist von h\u00f6chstens 3 Monaten nach dem letzten E-Mail-Austausch mit der betreffenden Person.<\/li>\n<\/ul>\n<p>3.2 Unbeschadet des Artikels 3.1 kann der Inhaber der Datenverarbeitung Ihre personenbezogenen Daten so lange aufbewahren, wie dies in den jeweils geltenden Vorschriften vorgesehen ist.<\/p>\n<p><strong>Art. 4 \u00dcbermittlung von personenbezogenen Daten<\/strong><\/p>\n<p>4.1 Der Datenverantwortliche hat seinen Sitz in einem Land, das aus regulatorischer Sicht ein angemessenes Sicherheitsniveau aufweist. Wenn die \u00dcbertragung Ihrer pers\u00f6nlichen Daten in ein Nicht-EU-Land erfolgt und f\u00fcr das die Europ\u00e4ische Kommission ein Angemessenheitsurteil abgegeben hat, gilt die \u00dcbertragung in jedem Fall als aus regulatorischer Sicht sicher. Dieser Artikel 4.1 gibt von Zeit zu Zeit die L\u00e4nder an, in die Ihre pers\u00f6nlichen Daten m\u00f6glicherweise \u00fcbertragen werden k\u00f6nnen und in denen die Europ\u00e4ische Kommission ein Urteil \u00fcber die Angemessenheit abgegeben hat.<\/p>\n<ul>\n<li>Ihre pers\u00f6nlichen Daten k\u00f6nnen auf Grundlage der Angemessenheitsentscheidung der Europ\u00e4ischen Kommission in die USA \u00fcbertragen werden. Mit dieser Entscheidung hat die Europ\u00e4ische Kommission festgestellt, dass die USA einen Datenschutz bieten, der mit dem in der Europ\u00e4ischen Union vergleichbar ist.<\/li>\n<\/ul>\n<p>4.2 Ungeachtet des Artikels 4.1 k\u00f6nnen Ihre Daten auch in Nicht-EU-L\u00e4nder \u00fcbermittelt werden, f\u00fcr die die Europ\u00e4ische Kommission keine Angemessenheitsfeststellung abgegeben hat. Sie werden daher aufgefordert, diesen Artikel 4.2 regelm\u00e4\u00dfig zu \u00fcberpr\u00fcfen, um festzustellen, in welche dieser L\u00e4nder Ihre Daten m\u00f6glicherweise \u00fcbermittelt werden.<\/p>\n<p>4.3 In diesem Artikel gibt der Inhaber der Datenverarbeitung die L\u00e4nder an, in denen er seine T\u00e4tigkeiten konkret ausf\u00fchren kann. Dieser Umstand kann die Anwendung der Gesetzgebung des Referenzlandes bedeuten, zusammen mit der, die die Beziehung zum Benutzer regelt, wie im Vorwort angegeben.<\/p>\n<ul>\n<li>Auf Ersuchen des Nutzers wendet der Inhaber der Datenverarbeitung auf die Verarbeitung personenbezogener Daten die Rechtsvorschriften an, die nach dem nationalen Recht des Nutzers m\u00f6glicherweise g\u00fcnstiger sind.<\/li>\n<\/ul>\n<p><strong>Art. 5. Rechte der betroffenen Person<\/strong><\/p>\n<p>Mittels dieser Datenschutzerkl\u00e4rung informiert Sie der Inhaber der Datenverarbeitung, dass Sie das Recht haben:<\/p>\n<p><i><i>vom Inhaber der Datenverarbeitung Zugang zu den sie betreffenden personenbezogenen Daten, deren Berichtigung oder L\u00f6schung oder die Einschr\u00e4nkung der Verarbeitung dieser Daten zu verlangen oder der Verarbeitung dieser Daten zu widersprechen sowie das Recht auf Daten\u00fcbertragbarkeit<\/i><\/i><\/p>\n<p><i>die Einwilligung jederzeit zu widerrufen, ohne dass dadurch die Rechtm\u00e4\u00dfigkeit der Verarbeitung aufgrund der vor dem Widerruf erteilten Einwilligung ber\u00fchrt wird<\/i><\/p>\n<p><i>sich bei einer Aufsichtsbeh\u00f6rde (z. B. der Datenschutzbeh\u00f6rde) beschweren. <\/i><\/p>\n<p>Die oben genannten Rechte k\u00f6nnen durch einen Antrag an die im Vorwort genannten Kontaktdaten ausge\u00fcbt werden.<\/p>\n<p><strong>Art. 6. \u00c4nderungen und Sonstiges<\/strong><\/p>\n<p>Der Inhaber der Datenverarbeitung beh\u00e4lt sich das Recht vor, diese Politik jederzeit zu \u00e4ndern, wobei er die Nutzer der Website in geeigneter Weise darauf hinweist und in jedem Fall einen angemessenen und vergleichbaren Schutz der personenbezogenen Daten gew\u00e4hrleistet. Um sich \u00fcber etwaige \u00c4nderungen zu informieren, werden Sie gebeten, diese Richtlinie regelm\u00e4\u00dfig zu konsultieren. Im Falle wesentlicher \u00c4nderungen dieser Datenschutzerkl\u00e4rung kann der Inhaber der Datenverarbeitung diese auch per E-Mail bekannt geben.<\/p>\n<p><a class=\"powered-by-link\" href=\"https:\/\/www.legalblink.it\/\">Powered by LegalBlink<\/a>.<\/p>\n","protected":false},"excerpt":{"rendered":"<p>Informationen zur Verarbeitung personenbezogener Daten. G\u00fcltig ab 20 Juni 2025 VORWORT Diese Dokument ber\u00fccksichtigt die Bestimmungen der Verordnung (EU) 2016\/679 des Europ\u00e4ischen Parlaments und des Rates vom 27. April 2016&#8230;<\/p>\n","protected":false},"author":1,"featured_media":0,"parent":0,"menu_order":0,"comment_status":"closed","ping_status":"closed","template":"","meta":{"footnotes":""},"class_list":["post-4004","page","type-page","status-publish"],"yoast_head":"<!-- This site is optimized with the Yoast SEO plugin v26.4 - https:\/\/yoast.com\/wordpress\/plugins\/seo\/ -->\n<title>Verarbeitung personenbezogener Daten - Sama Imballaggi Industriali S.r.l<\/title>\n<meta name=\"description\" content=\"Informationen zur Verarbeitung personenbezogener Daten. G\u00fcltig ab 20 Juni 2025\" \/>\n<meta name=\"robots\" content=\"index, follow, max-snippet:-1, max-image-preview:large, max-video-preview:-1\" \/>\n<link rel=\"canonical\" href=\"https:\/\/imballaggi.samagroup.it\/de\/verarbeitung-personenbezogener-daten\/\" \/>\n<meta property=\"og:locale\" content=\"de_DE\" \/>\n<meta property=\"og:type\" content=\"article\" \/>\n<meta property=\"og:title\" content=\"Verarbeitung personenbezogener Daten - Sama Imballaggi Industriali S.r.l\" \/>\n<meta property=\"og:description\" content=\"Informationen zur Verarbeitung personenbezogener Daten. G\u00fcltig ab 20 Juni 2025\" \/>\n<meta property=\"og:url\" content=\"https:\/\/imballaggi.samagroup.it\/de\/verarbeitung-personenbezogener-daten\/\" \/>\n<meta property=\"og:site_name\" content=\"Sama Imballaggi Industriali S.r.l\" \/>\n<meta property=\"article:modified_time\" content=\"2025-08-25T08:32:55+00:00\" \/>\n<meta name=\"twitter:card\" content=\"summary_large_image\" \/>\n<meta name=\"twitter:label1\" content=\"Gesch\u00e4tzte Lesezeit\" \/>\n\t<meta name=\"twitter:data1\" content=\"10\u00a0Minuten\" \/>\n<script type=\"application\/ld+json\" class=\"yoast-schema-graph\">{\"@context\":\"https:\/\/schema.org\",\"@graph\":[{\"@type\":\"WebPage\",\"@id\":\"https:\/\/imballaggi.samagroup.it\/de\/verarbeitung-personenbezogener-daten\/\",\"url\":\"https:\/\/imballaggi.samagroup.it\/de\/verarbeitung-personenbezogener-daten\/\",\"name\":\"Verarbeitung personenbezogener Daten - Sama Imballaggi Industriali S.r.l\",\"isPartOf\":{\"@id\":\"https:\/\/imballaggi.samagroup.it\/de\/#website\"},\"datePublished\":\"2024-12-18T09:50:07+00:00\",\"dateModified\":\"2025-08-25T08:32:55+00:00\",\"description\":\"Informationen zur Verarbeitung personenbezogener Daten. G\u00fcltig ab 20 Juni 2025\",\"breadcrumb\":{\"@id\":\"https:\/\/imballaggi.samagroup.it\/de\/verarbeitung-personenbezogener-daten\/#breadcrumb\"},\"inLanguage\":\"de\",\"potentialAction\":[{\"@type\":\"ReadAction\",\"target\":[\"https:\/\/imballaggi.samagroup.it\/de\/verarbeitung-personenbezogener-daten\/\"]}]},{\"@type\":\"BreadcrumbList\",\"@id\":\"https:\/\/imballaggi.samagroup.it\/de\/verarbeitung-personenbezogener-daten\/#breadcrumb\",\"itemListElement\":[{\"@type\":\"ListItem\",\"position\":1,\"name\":\"Home\",\"item\":\"https:\/\/imballaggi.samagroup.it\/de\/home\/\"},{\"@type\":\"ListItem\",\"position\":2,\"name\":\"Verarbeitung personenbezogener Daten\"}]},{\"@type\":\"WebSite\",\"@id\":\"https:\/\/imballaggi.samagroup.it\/de\/#website\",\"url\":\"https:\/\/imballaggi.samagroup.it\/de\/\",\"name\":\"Sama Imballaggi Industriali S.r.l\",\"description\":\"Il Gruppo che muove la carta da oltre trent&#039;anni\",\"publisher\":{\"@id\":\"https:\/\/imballaggi.samagroup.it\/de\/#organization\"},\"potentialAction\":[{\"@type\":\"SearchAction\",\"target\":{\"@type\":\"EntryPoint\",\"urlTemplate\":\"https:\/\/imballaggi.samagroup.it\/de\/?s={search_term_string}\"},\"query-input\":{\"@type\":\"PropertyValueSpecification\",\"valueRequired\":true,\"valueName\":\"search_term_string\"}}],\"inLanguage\":\"de\"},{\"@type\":\"Organization\",\"@id\":\"https:\/\/imballaggi.samagroup.it\/de\/#organization\",\"name\":\"Sama Imballaggi Industriali S.r.l\",\"url\":\"https:\/\/imballaggi.samagroup.it\/de\/\",\"logo\":{\"@type\":\"ImageObject\",\"inLanguage\":\"de\",\"@id\":\"https:\/\/imballaggi.samagroup.it\/de\/#\/schema\/logo\/image\/\",\"url\":\"https:\/\/imballaggi.samagroup.it\/wp-content\/uploads\/logo-sama-imballaggi.png\",\"contentUrl\":\"https:\/\/imballaggi.samagroup.it\/wp-content\/uploads\/logo-sama-imballaggi.png\",\"width\":520,\"height\":254,\"caption\":\"Sama Imballaggi Industriali S.r.l\"},\"image\":{\"@id\":\"https:\/\/imballaggi.samagroup.it\/de\/#\/schema\/logo\/image\/\"}}]}<\/script>\n<!-- \/ Yoast SEO plugin. -->","yoast_head_json":{"title":"Verarbeitung personenbezogener Daten - Sama Imballaggi Industriali S.r.l","description":"Informationen zur Verarbeitung personenbezogener Daten. G\u00fcltig ab 20 Juni 2025","robots":{"index":"index","follow":"follow","max-snippet":"max-snippet:-1","max-image-preview":"max-image-preview:large","max-video-preview":"max-video-preview:-1"},"canonical":"https:\/\/imballaggi.samagroup.it\/de\/verarbeitung-personenbezogener-daten\/","og_locale":"de_DE","og_type":"article","og_title":"Verarbeitung personenbezogener Daten - Sama Imballaggi Industriali S.r.l","og_description":"Informationen zur Verarbeitung personenbezogener Daten. G\u00fcltig ab 20 Juni 2025","og_url":"https:\/\/imballaggi.samagroup.it\/de\/verarbeitung-personenbezogener-daten\/","og_site_name":"Sama Imballaggi Industriali S.r.l","article_modified_time":"2025-08-25T08:32:55+00:00","twitter_card":"summary_large_image","twitter_misc":{"Gesch\u00e4tzte Lesezeit":"10\u00a0Minuten"},"schema":{"@context":"https:\/\/schema.org","@graph":[{"@type":"WebPage","@id":"https:\/\/imballaggi.samagroup.it\/de\/verarbeitung-personenbezogener-daten\/","url":"https:\/\/imballaggi.samagroup.it\/de\/verarbeitung-personenbezogener-daten\/","name":"Verarbeitung personenbezogener Daten - Sama Imballaggi Industriali S.r.l","isPartOf":{"@id":"https:\/\/imballaggi.samagroup.it\/de\/#website"},"datePublished":"2024-12-18T09:50:07+00:00","dateModified":"2025-08-25T08:32:55+00:00","description":"Informationen zur Verarbeitung personenbezogener Daten. G\u00fcltig ab 20 Juni 2025","breadcrumb":{"@id":"https:\/\/imballaggi.samagroup.it\/de\/verarbeitung-personenbezogener-daten\/#breadcrumb"},"inLanguage":"de","potentialAction":[{"@type":"ReadAction","target":["https:\/\/imballaggi.samagroup.it\/de\/verarbeitung-personenbezogener-daten\/"]}]},{"@type":"BreadcrumbList","@id":"https:\/\/imballaggi.samagroup.it\/de\/verarbeitung-personenbezogener-daten\/#breadcrumb","itemListElement":[{"@type":"ListItem","position":1,"name":"Home","item":"https:\/\/imballaggi.samagroup.it\/de\/home\/"},{"@type":"ListItem","position":2,"name":"Verarbeitung personenbezogener Daten"}]},{"@type":"WebSite","@id":"https:\/\/imballaggi.samagroup.it\/de\/#website","url":"https:\/\/imballaggi.samagroup.it\/de\/","name":"Sama Imballaggi Industriali S.r.l","description":"Il Gruppo che muove la carta da oltre trent&#039;anni","publisher":{"@id":"https:\/\/imballaggi.samagroup.it\/de\/#organization"},"potentialAction":[{"@type":"SearchAction","target":{"@type":"EntryPoint","urlTemplate":"https:\/\/imballaggi.samagroup.it\/de\/?s={search_term_string}"},"query-input":{"@type":"PropertyValueSpecification","valueRequired":true,"valueName":"search_term_string"}}],"inLanguage":"de"},{"@type":"Organization","@id":"https:\/\/imballaggi.samagroup.it\/de\/#organization","name":"Sama Imballaggi Industriali S.r.l","url":"https:\/\/imballaggi.samagroup.it\/de\/","logo":{"@type":"ImageObject","inLanguage":"de","@id":"https:\/\/imballaggi.samagroup.it\/de\/#\/schema\/logo\/image\/","url":"https:\/\/imballaggi.samagroup.it\/wp-content\/uploads\/logo-sama-imballaggi.png","contentUrl":"https:\/\/imballaggi.samagroup.it\/wp-content\/uploads\/logo-sama-imballaggi.png","width":520,"height":254,"caption":"Sama Imballaggi Industriali S.r.l"},"image":{"@id":"https:\/\/imballaggi.samagroup.it\/de\/#\/schema\/logo\/image\/"}}]}},"_links":{"self":[{"href":"https:\/\/imballaggi.samagroup.it\/de\/wp-json\/wp\/v2\/pages\/4004","targetHints":{"allow":["GET"]}}],"collection":[{"href":"https:\/\/imballaggi.samagroup.it\/de\/wp-json\/wp\/v2\/pages"}],"about":[{"href":"https:\/\/imballaggi.samagroup.it\/de\/wp-json\/wp\/v2\/types\/page"}],"author":[{"embeddable":true,"href":"https:\/\/imballaggi.samagroup.it\/de\/wp-json\/wp\/v2\/users\/1"}],"replies":[{"embeddable":true,"href":"https:\/\/imballaggi.samagroup.it\/de\/wp-json\/wp\/v2\/comments?post=4004"}],"version-history":[{"count":4,"href":"https:\/\/imballaggi.samagroup.it\/de\/wp-json\/wp\/v2\/pages\/4004\/revisions"}],"predecessor-version":[{"id":4029,"href":"https:\/\/imballaggi.samagroup.it\/de\/wp-json\/wp\/v2\/pages\/4004\/revisions\/4029"}],"wp:attachment":[{"href":"https:\/\/imballaggi.samagroup.it\/de\/wp-json\/wp\/v2\/media?parent=4004"}],"curies":[{"name":"wp","href":"https:\/\/api.w.org\/{rel}","templated":true}]}}