{"id":4011,"date":"2025-03-24T08:38:34","date_gmt":"2025-03-24T08:38:34","guid":{"rendered":"https:\/\/imballaggi.samagroup.it\/?page_id=4011"},"modified":"2025-07-31T14:04:20","modified_gmt":"2025-07-31T14:04:20","slug":"verwendung-von-cookies","status":"publish","type":"page","link":"https:\/\/imballaggi.samagroup.it\/de\/verwendung-von-cookies\/","title":{"rendered":"Verwendung von Cookies"},"content":{"rendered":"<p>&nbsp;<\/p>\n<h2><strong>Erweiterte Informationen \u00fcber die Verwendung von Cookies.<\/strong><\/h2>\n<p><strong>VORWORT<\/strong><\/p>\n<p>Diese Cookie-Richtlinie gilt f\u00fcr die Website www.imballaggi.samagroup.it (<strong>Website<\/strong>). Das Dokument wurde unter Ber\u00fccksichtigung der Bestimmungen der Europ\u00e4ischen Datenschutzverordnung 679\/2016 (<strong>DSGVO<\/strong>), des Gesetzes \u00fcber den Schutz der Privatsph\u00e4re (Gesetzesverordnung Nr. 196 vom 30. Juni 2003) und der Richtlinien der Datenschutzbeh\u00f6rde (insbesondere der Richtlinien zur Verwendung von Cookies vom 10. Juli 2021).<\/p>\n<p><strong>Inhaber der Datenverarbeitung<\/strong>:<\/p>\n<p>&nbsp;<\/p>\n<p><strong>ALLGEMEINE INFORMATIONEN<\/strong><\/p>\n<h4><strong>Was sind Cookies und wof\u00fcr werden sie verwendet?<\/strong><\/h4>\n<p>Ein Cookie ist eine Textdatei, die eine vom Nutzer besuchte Website an sein Endger\u00e4t (Computer, mobiles Ger\u00e4t wie Smartphone oder Tablet) sendet, wo sie gespeichert wird, um bei seinem n\u00e4chsten Besuch an diese Website zur\u00fcckzusenden.<\/p>\n<p>Cookies werden voneinander unterschieden:<\/p>\n<ul>\n<li>je nachdem, wer sie installiert und ob es der Betreiber der besuchten Website selbst ist (sog. \u201eErstanbieter-Cookies\u201c) oder einer anderen Partei (sog. \u201eDrittanbieter-Cookies\u201c);<\/li>\n<li>je nach Zweck des jeweiligen Cookies: Einige Cookies erm\u00f6glichen eine bessere Navigation, indem sie bestimmte Benutzereinstellungen, wie z. B. die Sprache, speichern (sog. \u201etechnische Cookies\u201c), andere Cookies erm\u00f6glichen die \u00dcberwachung der Navigation des Nutzers, auch zum Zweck der Zusendung von Werbung und\/oder des Angebots von Diensten, die den Pr\u00e4ferenzen des Nutzers entsprechen (sog. \u201eProfilierungs-Cookies\u201c).<\/li>\n<\/ul>\n<p>Nur bei Profilierungs-Cookies ist die vorherige Zustimmung des Nutzers zu deren Verwendung erforderlich.<\/p>\n<p>Der Inhaber der Datenverarbeitung ist nur f\u00fcr die von ihm auf der Website installierten Erstanbieter-Cookies verantwortlich.<\/p>\n<p>Siehe Abschnitt &#8222;<strong>Technische Cookies von Erstanbietern<\/strong>&#8220; Sie k\u00f6nnen die Arten von technischen Erstanbieter-Cookies einsehen, die von der Website ausgegeben werden.<\/p>\n<p>Die Verwaltung von Profilierungs-Cookies wird unter Abschnitt &#8222;<strong>Profilierungs-Cookies von Dritten<\/strong>&#8222;.<\/p>\n<p>Sie k\u00f6nnen Cookies \u00fcber die Optionen Ihres Browsers aktivieren\/deaktivieren:<\/p>\n<p>Wir verwenden Google-Dienste wie Google Ads und Google Analytics, um Werbung zu personalisieren und die Benutzererfahrung zu verbessern. Dies umfasst die Erfassung von personenbezogenen Daten und Cookies, die verwendet werden, um Ihnen Anzeigen entsprechend Ihren Vorlieben anzuzeigen. Beim Einholen Ihrer Zustimmung werden Sie um die Erlaubnis zur Nutzung dieser Daten gebeten. Weitere Informationen dar\u00fcber, wie Google Ihre personenbezogenen Daten verwendet, finden Sie unter folgendem Link:\u00a0<a href=\"https:\/\/business.safety.google\/privacy\/\" target=\"__blank\">https:\/\/business.safety.google\/privacy\/<\/a><\/p>\n<p>&nbsp;<\/p>\n<p><strong>Internet Explorer<\/strong><\/p>\n<p>Zugriff auf das Men\u00fc\u00a0<strong>Werkzeuge<\/strong>, dann\u00a0<strong>Optionen<\/strong>dann<strong>Internet<\/strong>.<\/p>\n<p>Zugriff auf das<strong>Privacy<\/strong>, dann\u00a0<strong>Erweiterte Optionen<\/strong>.<\/p>\n<p>von Abschnitt<strong>Cookie<\/strong>, Ihre Pr\u00e4ferenzen aus.<\/p>\n<p>&nbsp;<\/p>\n<p><strong>Google Chrome<\/strong><\/p>\n<p>Klicken Sie auf das\u00a0<strong>Chrome Men\u00fc<\/strong>.<\/p>\n<p>W\u00e4hlen Sie\u00a0<strong>Einstellungen<\/strong>,Klicken Sie auf<strong>Erweitert<\/strong>.<\/p>\n<p>im Abschnitt\u00a0<strong>Datenschutz und Sicherheit<\/strong>,Klicken Sie<strong>Inhaltseinstellungen<\/strong>.<\/p>\n<p>w\u00e4hlen Sie Ihre bevorzugten Optionen im Feld<strong>Cookie<\/strong>.<\/p>\n<p>&nbsp;<\/p>\n<p><strong>Firefox<\/strong><\/p>\n<p>Klicken Sie auf<strong>Werkzeuge<\/strong>, klicken Sie dann auf das<strong>Optionen<\/strong>.<\/p>\n<p>Klicken Sie auf<strong>Datenschutz und Sicherheit<\/strong>.<\/p>\n<p>Klicken Sie auf<strong>Benutzerdefinierte Einstellungen f\u00fcr den Verlauf verwenden<\/strong>.<\/p>\n<p>W\u00e4hlen Sie Ihre bevorzugten Optionen im Feld<strong>Akzeptiert Cookies und Daten von Websites<\/strong>.<\/p>\n<p>&nbsp;<\/p>\n<p><strong>Safari<\/strong><\/p>\n<p>Klicken Sie auf<strong>Safari<\/strong>, dann klicken Sie auf<strong>Einstellungen<\/strong>.<\/p>\n<p>Klicken Sie auf<strong>Datenschutz und Sicherheit<\/strong>.<\/p>\n<p>Klicken Sie auf<strong>Cookies blockieren<\/strong>\u00a0und w\u00e4hlen Sie Ihre bevorzugten Optionen.<\/p>\n<p>&nbsp;<\/p>\n<section class=\"cookie-section\"><strong>Erstanbieter- und technische Cookies<\/strong>Die Website nutzt Erstanbieter- und technische Cookies, die f\u00fcr ihr ordnungsgem\u00e4\u00dfes Funktionieren erforderlich sind. Es ist nicht m\u00f6glich, die Freigabe dieser Cookies zu verweigern.<\/section>\n<p>&nbsp;<\/p>\n<section class=\"cookie-section\"><strong>Cookies von Drittanbietern und Cookies zur Erstellung von Werbeprofilen<\/strong>Diese Website verwendet Cookies zur Erstellung von Werbeprofilen von Drittanbietern, wie in der folgenden Tabelle beschrieben.\u00a0<\/section>\n<p>&nbsp;<\/p>\n<section class=\"cookie-section\"><strong>Cookies von Drittanbietern und statistische Profilerstellung<\/strong>Diese Website nutzt Cookies von Drittanbietern zur statistischen Profilerstellung, wie in der nachstehenden Tabelle beschrieben.<\/p>\n<table>\n<thead>\n<tr>\n<th>Name<\/th>\n<th>Anbieter<\/th>\n<th>Beschreibung<\/th>\n<th>Dauer<\/th>\n<th>Datenschutzrichtlinie<\/th>\n<th>Einwilligungsmodul<\/th>\n<th>Google-Dienste aktiviert<\/th>\n<\/tr>\n<\/thead>\n<tbody>\n<tr>\n<td>Google Analytics 4<\/td>\n<td>Google LLC.<\/td>\n<td>Erm\u00f6glicht die Bereitstellung der von Google angebotenen Dienste zur statistischen Profilerstellung.<\/td>\n<td>2 Jahre<\/td>\n<td>https:\/\/support.google.com\/analytics\/answer\/12017362?hl=de<\/td>\n<td>Zustimmungsformular nicht verf\u00fcgbar. Browser-Optionen verwenden.<\/td>\n<td>Yes<\/td>\n<\/tr>\n<tr>\n<td>Google Tag Manager<\/td>\n<td>Google LLC.<\/td>\n<td>Dieses Cookie erm\u00f6glicht die Bereitstellung von Diensten zur statistischen Profilerstellung durch Google Tag Manager.<\/td>\n<td>90 Tage<\/td>\n<td>https:\/\/policies.google.com\/privacy?hl=en<\/td>\n<td>Einverst\u00e4ndniserkl\u00e4rung nicht verf\u00fcgbar. Verwenden Sie Ihre Browsereinstellungen, um Ihre Optionen in Bezug auf dieses Cookie auszu\u00fcben.<\/td>\n<td>Yes<\/td>\n<\/tr>\n<\/tbody>\n<\/table>\n<\/section>\n<p>&nbsp;<\/p>\n<div>\n<p><strong>Ihre Rechte<\/strong><\/p>\n<p>Gem\u00e4\u00df Art. 13 der DSGVO informiert Sie der Inhaber der Datenverarbeitung, dass Sie das Recht haben:<\/p>\n<ul>\n<li>vom Inhaber der Datenverarbeitung Zugang zu den sie betreffenden personenbezogenen Daten, deren Berichtigung oder L\u00f6schung oder die Einschr\u00e4nkung der Verarbeitung dieser Daten zu verlangen oder der Verarbeitung dieser Daten zu widersprechen sowie das Recht auf Daten\u00fcbertragbarkeit<\/li>\n<li>die Einwilligung jederzeit zu widerrufen, ohne dass dadurch die Rechtm\u00e4\u00dfigkeit der Verarbeitung aufgrund der vor dem Widerruf erteilten Einwilligung ber\u00fchrt wird<\/li>\n<li>sich bei einer Aufsichtsbeh\u00f6rde (z. B. der Datenschutzbeh\u00f6rde) zu beschweren.<\/li>\n<\/ul>\n<p>Die oben genannten Rechte k\u00f6nnen durch einen Antrag an die im Vorwort genannten Kontaktdaten ausge\u00fcbt werden.<\/p>\n<\/div>\n","protected":false},"excerpt":{"rendered":"<p>&nbsp; Erweiterte Informationen \u00fcber die Verwendung von Cookies. VORWORT Diese Cookie-Richtlinie gilt f\u00fcr die Website www.imballaggi.samagroup.it (Website). Das Dokument wurde unter Ber\u00fccksichtigung der Bestimmungen der Europ\u00e4ischen Datenschutzverordnung 679\/2016 (DSGVO), des&#8230;<\/p>\n","protected":false},"author":1,"featured_media":0,"parent":0,"menu_order":0,"comment_status":"closed","ping_status":"closed","template":"","meta":{"footnotes":""},"class_list":["post-4011","page","type-page","status-publish"],"yoast_head":"<!-- This site is optimized with the Yoast SEO plugin v26.4 - https:\/\/yoast.com\/wordpress\/plugins\/seo\/ -->\n<title>Verwendung von Cookies - Sama Imballaggi Industriali S.r.l<\/title>\n<meta name=\"description\" content=\"Ein Cookie ist eine Textdatei, die eine vom Nutzer besuchte Website an sein Endger\u00e4t sendet, wo sie gespeichert wird, um bei seinem n\u00e4chsten Besuch an diese Website zur\u00fcckzusenden.\" \/>\n<meta name=\"robots\" content=\"index, follow, max-snippet:-1, max-image-preview:large, max-video-preview:-1\" \/>\n<link rel=\"canonical\" href=\"https:\/\/imballaggi.samagroup.it\/de\/verwendung-von-cookies\/\" \/>\n<meta property=\"og:locale\" content=\"de_DE\" \/>\n<meta property=\"og:type\" content=\"article\" \/>\n<meta property=\"og:title\" content=\"Verwendung von Cookies - Sama Imballaggi Industriali S.r.l\" \/>\n<meta property=\"og:description\" content=\"Ein Cookie ist eine Textdatei, die eine vom Nutzer besuchte Website an sein Endger\u00e4t sendet, wo sie gespeichert wird, um bei seinem n\u00e4chsten Besuch an diese Website zur\u00fcckzusenden.\" \/>\n<meta property=\"og:url\" content=\"https:\/\/imballaggi.samagroup.it\/de\/verwendung-von-cookies\/\" \/>\n<meta property=\"og:site_name\" content=\"Sama Imballaggi Industriali S.r.l\" \/>\n<meta property=\"article:modified_time\" content=\"2025-07-31T14:04:20+00:00\" \/>\n<meta name=\"twitter:card\" content=\"summary_large_image\" \/>\n<meta name=\"twitter:label1\" content=\"Gesch\u00e4tzte Lesezeit\" \/>\n\t<meta name=\"twitter:data1\" content=\"4\u00a0Minuten\" \/>\n<script type=\"application\/ld+json\" class=\"yoast-schema-graph\">{\"@context\":\"https:\/\/schema.org\",\"@graph\":[{\"@type\":\"WebPage\",\"@id\":\"https:\/\/imballaggi.samagroup.it\/de\/verwendung-von-cookies\/\",\"url\":\"https:\/\/imballaggi.samagroup.it\/de\/verwendung-von-cookies\/\",\"name\":\"Verwendung von Cookies - Sama Imballaggi Industriali S.r.l\",\"isPartOf\":{\"@id\":\"https:\/\/imballaggi.samagroup.it\/de\/#website\"},\"datePublished\":\"2025-03-24T08:38:34+00:00\",\"dateModified\":\"2025-07-31T14:04:20+00:00\",\"description\":\"Ein Cookie ist eine Textdatei, die eine vom Nutzer besuchte Website an sein Endger\u00e4t sendet, wo sie gespeichert wird, um bei seinem n\u00e4chsten Besuch an diese Website zur\u00fcckzusenden.\",\"breadcrumb\":{\"@id\":\"https:\/\/imballaggi.samagroup.it\/de\/verwendung-von-cookies\/#breadcrumb\"},\"inLanguage\":\"de\",\"potentialAction\":[{\"@type\":\"ReadAction\",\"target\":[\"https:\/\/imballaggi.samagroup.it\/de\/verwendung-von-cookies\/\"]}]},{\"@type\":\"BreadcrumbList\",\"@id\":\"https:\/\/imballaggi.samagroup.it\/de\/verwendung-von-cookies\/#breadcrumb\",\"itemListElement\":[{\"@type\":\"ListItem\",\"position\":1,\"name\":\"Home\",\"item\":\"https:\/\/imballaggi.samagroup.it\/de\/home\/\"},{\"@type\":\"ListItem\",\"position\":2,\"name\":\"Verwendung von Cookies\"}]},{\"@type\":\"WebSite\",\"@id\":\"https:\/\/imballaggi.samagroup.it\/de\/#website\",\"url\":\"https:\/\/imballaggi.samagroup.it\/de\/\",\"name\":\"Sama Imballaggi Industriali S.r.l\",\"description\":\"Il Gruppo che muove la carta da oltre trent&#039;anni\",\"publisher\":{\"@id\":\"https:\/\/imballaggi.samagroup.it\/de\/#organization\"},\"potentialAction\":[{\"@type\":\"SearchAction\",\"target\":{\"@type\":\"EntryPoint\",\"urlTemplate\":\"https:\/\/imballaggi.samagroup.it\/de\/?s={search_term_string}\"},\"query-input\":{\"@type\":\"PropertyValueSpecification\",\"valueRequired\":true,\"valueName\":\"search_term_string\"}}],\"inLanguage\":\"de\"},{\"@type\":\"Organization\",\"@id\":\"https:\/\/imballaggi.samagroup.it\/de\/#organization\",\"name\":\"Sama Imballaggi Industriali S.r.l\",\"url\":\"https:\/\/imballaggi.samagroup.it\/de\/\",\"logo\":{\"@type\":\"ImageObject\",\"inLanguage\":\"de\",\"@id\":\"https:\/\/imballaggi.samagroup.it\/de\/#\/schema\/logo\/image\/\",\"url\":\"https:\/\/imballaggi.samagroup.it\/wp-content\/uploads\/logo-sama-imballaggi.png\",\"contentUrl\":\"https:\/\/imballaggi.samagroup.it\/wp-content\/uploads\/logo-sama-imballaggi.png\",\"width\":520,\"height\":254,\"caption\":\"Sama Imballaggi Industriali S.r.l\"},\"image\":{\"@id\":\"https:\/\/imballaggi.samagroup.it\/de\/#\/schema\/logo\/image\/\"}}]}<\/script>\n<!-- \/ Yoast SEO plugin. -->","yoast_head_json":{"title":"Verwendung von Cookies - Sama Imballaggi Industriali S.r.l","description":"Ein Cookie ist eine Textdatei, die eine vom Nutzer besuchte Website an sein Endger\u00e4t sendet, wo sie gespeichert wird, um bei seinem n\u00e4chsten Besuch an diese Website zur\u00fcckzusenden.","robots":{"index":"index","follow":"follow","max-snippet":"max-snippet:-1","max-image-preview":"max-image-preview:large","max-video-preview":"max-video-preview:-1"},"canonical":"https:\/\/imballaggi.samagroup.it\/de\/verwendung-von-cookies\/","og_locale":"de_DE","og_type":"article","og_title":"Verwendung von Cookies - Sama Imballaggi Industriali S.r.l","og_description":"Ein Cookie ist eine Textdatei, die eine vom Nutzer besuchte Website an sein Endger\u00e4t sendet, wo sie gespeichert wird, um bei seinem n\u00e4chsten Besuch an diese Website zur\u00fcckzusenden.","og_url":"https:\/\/imballaggi.samagroup.it\/de\/verwendung-von-cookies\/","og_site_name":"Sama Imballaggi Industriali S.r.l","article_modified_time":"2025-07-31T14:04:20+00:00","twitter_card":"summary_large_image","twitter_misc":{"Gesch\u00e4tzte Lesezeit":"4\u00a0Minuten"},"schema":{"@context":"https:\/\/schema.org","@graph":[{"@type":"WebPage","@id":"https:\/\/imballaggi.samagroup.it\/de\/verwendung-von-cookies\/","url":"https:\/\/imballaggi.samagroup.it\/de\/verwendung-von-cookies\/","name":"Verwendung von Cookies - Sama Imballaggi Industriali S.r.l","isPartOf":{"@id":"https:\/\/imballaggi.samagroup.it\/de\/#website"},"datePublished":"2025-03-24T08:38:34+00:00","dateModified":"2025-07-31T14:04:20+00:00","description":"Ein Cookie ist eine Textdatei, die eine vom Nutzer besuchte Website an sein Endger\u00e4t sendet, wo sie gespeichert wird, um bei seinem n\u00e4chsten Besuch an diese Website zur\u00fcckzusenden.","breadcrumb":{"@id":"https:\/\/imballaggi.samagroup.it\/de\/verwendung-von-cookies\/#breadcrumb"},"inLanguage":"de","potentialAction":[{"@type":"ReadAction","target":["https:\/\/imballaggi.samagroup.it\/de\/verwendung-von-cookies\/"]}]},{"@type":"BreadcrumbList","@id":"https:\/\/imballaggi.samagroup.it\/de\/verwendung-von-cookies\/#breadcrumb","itemListElement":[{"@type":"ListItem","position":1,"name":"Home","item":"https:\/\/imballaggi.samagroup.it\/de\/home\/"},{"@type":"ListItem","position":2,"name":"Verwendung von Cookies"}]},{"@type":"WebSite","@id":"https:\/\/imballaggi.samagroup.it\/de\/#website","url":"https:\/\/imballaggi.samagroup.it\/de\/","name":"Sama Imballaggi Industriali S.r.l","description":"Il Gruppo che muove la carta da oltre trent&#039;anni","publisher":{"@id":"https:\/\/imballaggi.samagroup.it\/de\/#organization"},"potentialAction":[{"@type":"SearchAction","target":{"@type":"EntryPoint","urlTemplate":"https:\/\/imballaggi.samagroup.it\/de\/?s={search_term_string}"},"query-input":{"@type":"PropertyValueSpecification","valueRequired":true,"valueName":"search_term_string"}}],"inLanguage":"de"},{"@type":"Organization","@id":"https:\/\/imballaggi.samagroup.it\/de\/#organization","name":"Sama Imballaggi Industriali S.r.l","url":"https:\/\/imballaggi.samagroup.it\/de\/","logo":{"@type":"ImageObject","inLanguage":"de","@id":"https:\/\/imballaggi.samagroup.it\/de\/#\/schema\/logo\/image\/","url":"https:\/\/imballaggi.samagroup.it\/wp-content\/uploads\/logo-sama-imballaggi.png","contentUrl":"https:\/\/imballaggi.samagroup.it\/wp-content\/uploads\/logo-sama-imballaggi.png","width":520,"height":254,"caption":"Sama Imballaggi Industriali S.r.l"},"image":{"@id":"https:\/\/imballaggi.samagroup.it\/de\/#\/schema\/logo\/image\/"}}]}},"_links":{"self":[{"href":"https:\/\/imballaggi.samagroup.it\/de\/wp-json\/wp\/v2\/pages\/4011","targetHints":{"allow":["GET"]}}],"collection":[{"href":"https:\/\/imballaggi.samagroup.it\/de\/wp-json\/wp\/v2\/pages"}],"about":[{"href":"https:\/\/imballaggi.samagroup.it\/de\/wp-json\/wp\/v2\/types\/page"}],"author":[{"embeddable":true,"href":"https:\/\/imballaggi.samagroup.it\/de\/wp-json\/wp\/v2\/users\/1"}],"replies":[{"embeddable":true,"href":"https:\/\/imballaggi.samagroup.it\/de\/wp-json\/wp\/v2\/comments?post=4011"}],"version-history":[{"count":3,"href":"https:\/\/imballaggi.samagroup.it\/de\/wp-json\/wp\/v2\/pages\/4011\/revisions"}],"predecessor-version":[{"id":4021,"href":"https:\/\/imballaggi.samagroup.it\/de\/wp-json\/wp\/v2\/pages\/4011\/revisions\/4021"}],"wp:attachment":[{"href":"https:\/\/imballaggi.samagroup.it\/de\/wp-json\/wp\/v2\/media?parent=4011"}],"curies":[{"name":"wp","href":"https:\/\/api.w.org\/{rel}","templated":true}]}}