{"id":3617,"date":"2024-12-18T09:50:07","date_gmt":"2024-12-18T09:50:07","guid":{"rendered":"https:\/\/imballaggi.samagroup.it\/?page_id=3617"},"modified":"2025-08-25T08:32:28","modified_gmt":"2025-08-25T08:32:28","slug":"politica-privacidad","status":"publish","type":"page","link":"https:\/\/imballaggi.samagroup.it\/es\/politica-privacidad\/","title":{"rendered":"Pol\u00edtica de Privacidad"},"content":{"rendered":"<h2><\/h2>\n<h1 class=\"ql-align-justify\">Informaci\u00f3n sobre el tratamiento de datos personales. En vigor desde 20 junio 2025<\/h1>\n<p><strong>PR\u00d3LOGO<\/strong><\/p>\n<p>Este aviso tiene en cuenta las disposiciones del Reglamento (UE) 2016\/679 del Parlamento Europeo y del Consejo de 27 de abril de 2016 y (RGPD) el C\u00f3digo de Privacidad (Decreto Legislativo n\u00ba 196 de 30 de junio de 2003). El documento tambi\u00e9n se ha redactado sobre la base de las Directrices del Garante de la Privacidad (especialmente las Directrices sobre la lucha contra el spam publicadas por el Garante de la Privacidad el 4 de julio de 2013).<\/p>\n<p>Controlador de datos: {dati-titolare-del-sito}<\/p>\n<p>Sitio al que se refiere esta pol\u00edtica de privacidad: <a href=\"https:\/\/imballaggi.samagroup.it\/es\/\">www.imballaggi.samagroup.it<\/a> (<strong>Sitio<\/strong>).<\/p>\n<p>El responsable del tratamiento no ha nombrado a un responsable de la protecci\u00f3n de datos (DPO). Por lo tanto, puede enviar cualquier consulta directamente al responsable del tratamiento.<\/p>\n<p><strong>INFORMACI\u00d3N GENERAL<\/strong><\/p>\n<p>El presente documento describe el modo en que el responsable del tratamiento trata sus datos personales comunicados a trav\u00e9s del Sitio.<\/p>\n<p>Aqu\u00ed se describe el principal tratamiento de datos personales. En particular, se explica la base jur\u00eddica del tratamiento, si es obligatorio facilitar los datos personales y las consecuencias de no facilitarlos. Para describir mejor sus derechos, hemos especificado si y cuando no se produce un determinado tratamiento de datos personales.<\/p>\n<p><strong>Inscripci\u00f3n<\/strong><\/p>\n<p>El Sitio no ofrece la posibilidad de registrarse. Por lo tanto, el Controlador de Datos no procesa sus datos personales para este fin.<\/p>\n<p><strong>Compras en el Sitio<\/strong><\/p>\n<p>No es posible realizar compras en el Sitio. Por lo tanto, sus datos personales no ser\u00e1n tratados con este fin.El Controlador de Datos no procesa los datos del usuario para enviar correos electr\u00f3nicos \u00abrestantes\u00bb sobre la compra de productos y\/o servicios del Controlador de Datos.<\/p>\n<p><strong>Atenci\u00f3n al cliente<\/strong><\/p>\n<p>Los datos personales se tratar\u00e1n para responder a sus consultas. Proporcionarla es opcional, pero su negativa imposibilitar\u00e1 que el responsable del tratamiento responda a las solicitudes. La base jur\u00eddica para el tratamiento es el inter\u00e9s leg\u00edtimo del responsable del tratamiento en satisfacer sus solicitudes. Este inter\u00e9s leg\u00edtimo equivale al inter\u00e9s del usuario en recibir respuestas a las comunicaciones enviadas al responsable del tratamiento.<\/p>\n<p><strong>Marketing gen\u00e9rico<\/strong><\/p>\n<p>El Controlador de Datos no le enviar\u00e1 material publicitario y\/o boletines informativos relacionados con sus propios productos o los de terceros. Utilizamos servicios de Google, como Google Ads y Google Analytics, para personalizar los anuncios publicitarios y mejorar la experiencia del usuario. Esto incluye la recopilaci\u00f3n de datos personales y cookies, utilizados para mostrarte anuncios que coincidan con tus preferencias. Al dar tu consentimiento, se te pedir\u00e1 que autorices el uso de estos datos. Puedes encontrar m\u00e1s detalles sobre el uso de cookies y la gesti\u00f3n del consentimiento en la pol\u00edtica de cookies de este sitio web.<\/p>\n<p><strong>Perfiles de datos personales<\/strong><\/p>\n<p>El Controlador de Datos no lleva a cabo la \u00abelaboraci\u00f3n de perfiles\u00bb con sus datos personales. Por lo tanto, no le enviar\u00e1 material publicitario y\/o boletines informativos sobre sus propios productos o los de terceros de su inter\u00e9s espec\u00edfico.<\/p>\n<p>Transmisi\u00f3n de datos personales<\/p>\n<p>El Controlador de Datos no transmite sus datos personales a terceros.<\/p>\n<p><strong>Geolocalizaci\u00f3n<\/strong><\/p>\n<p>El Sitio no implementa herramientas de geolocalizaci\u00f3n de la direcci\u00f3n IP del usuario.<\/p>\n<p><strong>Curriculum Vitae<\/strong><\/p>\n<p>No es posible enviar CVs a trav\u00e9s del Sitio. Por lo tanto, sus datos no ser\u00e1n tratados para estos fines.<\/p>\n<p><strong>Servicio de Reservas<\/strong><\/p>\n<p>En el Sitio no est\u00e1n activos sistemas de reserva de citas de terceros. Por lo tanto, sus datos no se tratar\u00e1n con este fin. En cualquier caso, siempre puede ponerse en contacto con el responsable del tratamiento en los contactos indicados anteriormente.<\/p>\n<p><strong>Fotograf\u00edas y videos<\/strong><\/p>\n<p>El responsable del tratamiento no solicita la publicaci\u00f3n de fotograf\u00edas y\/o v\u00eddeos suyos. Por lo tanto, sus datos no se tratar\u00e1n con estos fines.<\/p>\n<p><strong>Web scraping<\/strong><\/p>\n<p>Queda expresamente prohibido el uso de cualquier proceso o sistema automatizado para acceder, adquirir, copiar o supervisar cualquier parte de nuestro sitio web, incluidas, entre otras, las t\u00e9cnicas de web scraping, crawling o spidering. El responsable del tratamiento se reserva el derecho a adoptar todas las medidas necesarias, incluidas las acciones legales, para impedir y perseguir cualquier actividad de scraping no autorizada. Al utilizar el Sitio, el usuario o cualquier tercero se compromete a: (i) no utilizar sistemas automatizados, como bots, scrapers o spiders, para acceder al Sitio o interactuar con \u00e9l; (ii) no recopilar contenidos, datos u otra informaci\u00f3n en el Sitio sin autorizaci\u00f3n expresa por escrito; (iii) no distribuir, mostrar, publicar o utilizar de cualquier otro modo contenidos adquiridos mediante t\u00e9cnicas de scraping sin consentimiento. Cualquier infracci\u00f3n de esta cl\u00e1usula se considerar\u00e1 un incumplimiento material de las condiciones de uso del Sitio y dar\u00e1 lugar a la adopci\u00f3n de las medidas oportunas, incluida la posible suspensi\u00f3n del acceso al Sitio y el inicio de acciones legales para proteger los intereses del Responsable del Tratamiento.<\/p>\n<p><strong>Divulgaci\u00f3n de datos personales<\/strong><\/p>\n<p>En el curso ordinario de su actividad, el responsable del tratamiento puede comunicar sus datos personales a determinadas categor\u00edas de personas. En el art\u00edculo 2 encontrar\u00e1 una lista de las personas a las que el responsable del tratamiento comunica sus datos personales. Para facilitar la protecci\u00f3n de sus derechos, el art\u00edculo 2 puede especificar en ciertos casos cu\u00e1ndo sus datos no son revelados a terceros.<\/p>\n<p>La \u00abcomunicaci\u00f3n\u00bb de datos personales a terceros es diferente de la \u00abtransferencia\u00bb (regulada en el punto anterior). De hecho, en la comunicaci\u00f3n, el tercero al que se transmiten los datos s\u00f3lo puede utilizarlos para los fines espec\u00edficos descritos en la relaci\u00f3n con el responsable del tratamiento. En la transferencia, en cambio, el tercero se convierte en Responsable del Tratamiento aut\u00f3nomo. Adem\u00e1s, siempre se requiere su consentimiento para transferir sus datos personales a terceros.<\/p>\n<p>No obstante lo anterior, se entiende que el Controlador de Datos puede utilizar sus datos personales para cumplir adecuadamente con sus obligaciones bajo las leyes aplicables.<\/p>\n<p><strong>POL\u00cdTICA DE PRIVACIDAD ESPEC\u00cdFICA<\/strong><\/p>\n<p><strong>Art\u00edculo 1 Modalidades de tratamiento<\/strong><\/p>\n<p>1.1 El tratamiento de los datos personales se realizar\u00e1 principalmente con la ayuda de medios electr\u00f3nicos u otros medios automatizados, en la forma y con las herramientas adecuadas para garantizar su seguridad y confidencialidad.<\/p>\n<p>1.2 La informaci\u00f3n adquirida y la forma de tratarla ser\u00e1n pertinentes y no excesivas en relaci\u00f3n con el tipo de servicios prestados. Sus datos tambi\u00e9n se gestionar\u00e1n y proteger\u00e1n en entornos inform\u00e1ticos seguros y adecuados a las circunstancias.<\/p>\n<p>1.3 No se procesan \u00abdatos especiales\u00bb a trav\u00e9s del Sitio. Los datos particulares son aquellos que pueden revelar el origen racial o \u00e9tnico, las creencias religiosas, filos\u00f3ficas o de otro tipo, las opiniones pol\u00edticas, la pertenencia a partidos, sindicatos, asociaciones u organizaciones de car\u00e1cter religioso, filos\u00f3fico, pol\u00edtico o sindical, el estado de salud y la vida sexual.<\/p>\n<p>1.4 A trav\u00e9s del Sitio no se procesan datos judiciales.<\/p>\n<p><strong>Art\u00edculo 2 Revelaci\u00f3n de datos personales<\/strong><\/p>\n<p>El Controlador de Datos puede comunicar sus datos personales a determinadas categor\u00edas de personas. A continuaci\u00f3n se enumeran los sujetos a los que el responsable del tratamiento se reserva el derecho de comunicar sus datos:<\/p>\n<ul>\n<li style=\"list-style-type: none;\">\n<ul>\n<li>El Controlador de Datos podr\u00e1 comunicar sus datos personales a todas aquellas entidades (incluidas las autoridades p\u00fablicas) que tengan acceso a sus datos personales en virtud de medidas reglamentarias o administrativas.<\/li>\n<li>Los datos personales tambi\u00e9n podr\u00e1n ser comunicados a todas aquellas entidades p\u00fablicas y\/o privadas, personas f\u00edsicas y\/o jur\u00eddicas (asesor\u00edas jur\u00eddicas, administrativas y fiscales, Oficinas Judiciales, C\u00e1maras de Comercio, C\u00e1maras y Oficinas de Trabajo, etc.), si la comunicaci\u00f3n es necesaria o funcional para el correcto cumplimiento de las obligaciones derivadas de la ley.<\/li>\n<\/ul>\n<\/li>\n<\/ul>\n<p><i>El Controlador de Datos hace uso de empleados y\/o colaboradores a cualquier t\u00edtulo. Para el buen funcionamiento del Sitio, el Controlador de Datos puede comunicar sus datos personales a estos empleados y\/o colaboradores.<\/i><\/p>\n<p><i>En su gesti\u00f3n ordinaria del Sitio, el Controlador de Datos hace uso de empresas, consultores o profesionales encargados de la instalaci\u00f3n, mantenimiento, actualizaci\u00f3n y, en general, de la gesti\u00f3n de los equipos y programas inform\u00e1ticos del Controlador de Datos o que \u00e9ste utiliza para prestar sus servicios. Por lo tanto, s\u00f3lo con referencia a estos fines, sus datos tambi\u00e9n pueden ser tratados por estos sujetos.<\/i><\/p>\n<p><i>El Controlador de Datos no hace uso de plataformas CRM (empresas que realizan la actividad de env\u00edo de comunicaciones automatizadas a los usuarios). Por lo tanto, sus datos personales no se revelan a estas empresas.<\/i><\/p>\n<p><i>El Controlador de Datos no utiliza empresas externas para prestar el servicio de atenci\u00f3n al cliente.<\/i><\/p>\n<p><i>El Responsable del Tratamiento no utiliza instituciones bancarias y empresas que gestionan los circuitos de pago.<\/i><\/p>\n<p><i>Los datos personales de los compradores no se comunican a las empresas de mensajer\u00eda ni a los transportistas. <\/i><\/p>\n<p>El Controlador de Datos se reserva el derecho de modificar la lista antes mencionada sobre la base de sus operaciones ordinarias. Por lo tanto, le invitamos a que acceda regularmente a este aviso para comprobar a qu\u00e9 entidades revela el responsable del tratamiento sus datos personales.<\/p>\n<p><strong>Art\u00edculo 3 Conservaci\u00f3n de datos personales<\/strong><\/p>\n<p>3.1 Este art\u00edculo describe el tiempo que el Controlador de Datos se reserva el derecho de almacenar sus datos personales.<\/p>\n<ul>\n<li>Sus datos personales s\u00f3lo se almacenar\u00e1n durante el tiempo necesario para garantizar la correcta prestaci\u00f3n de los servicios ofrecidos a trav\u00e9s del Sitio.<\/li>\n<li>A efectos de atenci\u00f3n al cliente, los datos se eliminar\u00e1n una vez finalizado el servicio y, en cualquier caso, en un plazo m\u00e1ximo de 3 meses tras el \u00faltimo intercambio de correos electr\u00f3nicos con el interesado.<\/li>\n<\/ul>\n<p>&nbsp;<\/p>\n<p>3.2 Sin perjuicio de lo dispuesto en el art\u00edculo 3.1, el Controlador de Datos podr\u00e1 conservar sus datos personales durante el tiempo que exija la normativa espec\u00edfica, modificada de vez en cuando.<\/p>\n<p><strong>Art\u00edculo 4 Transferencia de datos personales<\/strong><\/p>\n<p>4.1 El Responsable del Tratamiento tiene su sede en un pa\u00eds que presenta un nivel adecuado de seguridad desde el punto de vista normativo. Si la transferencia de sus datos personales ocurre a un pa\u00eds fuera de la UE y para el cual la Comisi\u00f3n Europea ha expresado un juicio de adecuaci\u00f3n, la transferencia se considera segura desde el punto de vista normativo en cualquier caso. Este art\u00edculo 4.1 indica de vez en cuando los pa\u00edses donde sus datos personales pueden ser posiblemente transferidos y donde la Comisi\u00f3n Europea ha expresado un juicio de adecuaci\u00f3n.<\/p>\n<ul>\n<li>Sus datos personales pueden ser transferidos a los EE.UU. en base a lo establecido por la decisi\u00f3n de adecuaci\u00f3n de la Comisi\u00f3n Europea. Con esta decisi\u00f3n, la Comisi\u00f3n Europea ha determinado que los EE.UU. proporcionan una protecci\u00f3n de datos personales comparable a la que ofrece la Uni\u00f3n Europea.<\/li>\n<\/ul>\n<p>4.2 No obstante lo dispuesto en el art\u00edculo 4.1, sus datos tambi\u00e9n podr\u00e1n ser transferidos a pa\u00edses fuera de la UE y para los que la Comisi\u00f3n Europea no haya emitido una decisi\u00f3n de adecuaci\u00f3n. Por lo tanto, le invitamos a que revise peri\u00f3dicamente esta secci\u00f3n 4.2 para saber a cu\u00e1l de estos pa\u00edses se pueden transferir sus datos.<\/p>\n<p>4.3 Esta circunstancia puede implicar la aplicaci\u00f3n de la normativa del pa\u00eds de referencia, junto con la que regula la relaci\u00f3n con el usuario seg\u00fan lo indicado en el Pre\u00e1mbulo.<\/p>\n<ul>\n<li>A petici\u00f3n del usuario, el Controlador de Datos aplicar\u00e1 al tratamiento de los datos personales la legislaci\u00f3n que pueda ser m\u00e1s favorable seg\u00fan la legislaci\u00f3n nacional del usuario.<\/li>\n<\/ul>\n<p><strong>Art\u00edculo 5 Derechos del interesado<\/strong><\/p>\n<p>El Controlador de Datos le informa de que tiene derecho a:<\/p>\n<ul>\n<li style=\"list-style-type: none;\">\n<ul>\n<li>solicitar al Controlador de Datos el acceso a sus datos personales y la rectificaci\u00f3n o supresi\u00f3n de los mismos o la limitaci\u00f3n del tratamiento que le concierne, u oponerse a su tratamiento, adem\u00e1s del derecho a la portabilidad de los datos<\/li>\n<li>retirar el consentimiento en cualquier momento, sin perjuicio de la legalidad del tratamiento basado en el consentimiento dado antes de la revocaci\u00f3n<\/li>\n<\/ul>\n<\/li>\n<\/ul>\n<p><i>presentar una reclamaci\u00f3n ante una autoridad de control (por ejemplo, la Autoridad de Protecci\u00f3n de Datos). <\/i><\/p>\n<p>Los derechos mencionados pueden ejercerse presentando una solicitud a los contactos indicados en el pre\u00e1mbulo sin necesidad de formalidades.<\/p>\n<p><strong>Art\u00edculo 6 Enmiendas y otros asuntos<\/strong><\/p>\n<p>El Controlador de Datos se reserva el derecho a realizar cambios en esta pol\u00edtica en cualquier momento, dando la debida publicidad a los usuarios del Sitio y garantizando en todo caso una protecci\u00f3n adecuada y similar de los datos personales. Para ver cualquier cambio, le invitamos a consultar esta pol\u00edtica de forma peri\u00f3dica. En caso de que se produzcan cambios sustanciales en esta pol\u00edtica de privacidad, el responsable del tratamiento tambi\u00e9n podr\u00e1 notificarlo por correo electr\u00f3nico.<\/p>\n<p><a class=\"powered-by-link\" href=\"https:\/\/www.legalblink.it\/\">Powered by LegalBlink<\/a>.<\/p>\n","protected":false},"excerpt":{"rendered":"<p>Informaci\u00f3n sobre el tratamiento de datos personales. En vigor desde 20 junio 2025 PR\u00d3LOGO Este aviso tiene en cuenta las disposiciones del Reglamento (UE) 2016\/679 del Parlamento Europeo y del&#8230;<\/p>\n","protected":false},"author":1,"featured_media":0,"parent":0,"menu_order":0,"comment_status":"closed","ping_status":"closed","template":"","meta":{"footnotes":""},"class_list":["post-3617","page","type-page","status-publish"],"yoast_head":"<!-- This site is optimized with the Yoast SEO plugin v26.4 - https:\/\/yoast.com\/wordpress\/plugins\/seo\/ -->\n<title>Pol\u00edtica de Privacidad - Sama Imballaggi Industriali S.r.l<\/title>\n<meta name=\"description\" content=\"Informaci\u00f3n sobre el tratamiento de datos personales. En vigor desde 20 junio 2025\" \/>\n<meta name=\"robots\" content=\"index, follow, max-snippet:-1, max-image-preview:large, max-video-preview:-1\" \/>\n<link rel=\"canonical\" href=\"https:\/\/imballaggi.samagroup.it\/es\/politica-privacidad\/\" \/>\n<meta property=\"og:locale\" content=\"es_ES\" \/>\n<meta property=\"og:type\" content=\"article\" \/>\n<meta property=\"og:title\" content=\"Pol\u00edtica de Privacidad - Sama Imballaggi Industriali S.r.l\" \/>\n<meta property=\"og:description\" content=\"Informaci\u00f3n sobre el tratamiento de datos personales. En vigor desde 20 junio 2025\" \/>\n<meta property=\"og:url\" content=\"https:\/\/imballaggi.samagroup.it\/es\/politica-privacidad\/\" \/>\n<meta property=\"og:site_name\" content=\"Sama Imballaggi Industriali S.r.l\" \/>\n<meta property=\"article:modified_time\" content=\"2025-08-25T08:32:28+00:00\" \/>\n<meta name=\"twitter:card\" content=\"summary_large_image\" \/>\n<meta name=\"twitter:label1\" content=\"Tiempo de lectura\" \/>\n\t<meta name=\"twitter:data1\" content=\"11 minutos\" \/>\n<script type=\"application\/ld+json\" class=\"yoast-schema-graph\">{\"@context\":\"https:\/\/schema.org\",\"@graph\":[{\"@type\":\"WebPage\",\"@id\":\"https:\/\/imballaggi.samagroup.it\/es\/politica-privacidad\/\",\"url\":\"https:\/\/imballaggi.samagroup.it\/es\/politica-privacidad\/\",\"name\":\"Pol\u00edtica de Privacidad - Sama Imballaggi Industriali S.r.l\",\"isPartOf\":{\"@id\":\"https:\/\/imballaggi.samagroup.it\/es\/#website\"},\"datePublished\":\"2024-12-18T09:50:07+00:00\",\"dateModified\":\"2025-08-25T08:32:28+00:00\",\"description\":\"Informaci\u00f3n sobre el tratamiento de datos personales. En vigor desde 20 junio 2025\",\"breadcrumb\":{\"@id\":\"https:\/\/imballaggi.samagroup.it\/es\/politica-privacidad\/#breadcrumb\"},\"inLanguage\":\"es\",\"potentialAction\":[{\"@type\":\"ReadAction\",\"target\":[\"https:\/\/imballaggi.samagroup.it\/es\/politica-privacidad\/\"]}]},{\"@type\":\"BreadcrumbList\",\"@id\":\"https:\/\/imballaggi.samagroup.it\/es\/politica-privacidad\/#breadcrumb\",\"itemListElement\":[{\"@type\":\"ListItem\",\"position\":1,\"name\":\"Home\",\"item\":\"https:\/\/imballaggi.samagroup.it\/es\/inicio\/\"},{\"@type\":\"ListItem\",\"position\":2,\"name\":\"Pol\u00edtica de Privacidad\"}]},{\"@type\":\"WebSite\",\"@id\":\"https:\/\/imballaggi.samagroup.it\/es\/#website\",\"url\":\"https:\/\/imballaggi.samagroup.it\/es\/\",\"name\":\"Sama Imballaggi Industriali S.r.l\",\"description\":\"Il Gruppo che muove la carta da oltre trent&#039;anni\",\"publisher\":{\"@id\":\"https:\/\/imballaggi.samagroup.it\/es\/#organization\"},\"potentialAction\":[{\"@type\":\"SearchAction\",\"target\":{\"@type\":\"EntryPoint\",\"urlTemplate\":\"https:\/\/imballaggi.samagroup.it\/es\/?s={search_term_string}\"},\"query-input\":{\"@type\":\"PropertyValueSpecification\",\"valueRequired\":true,\"valueName\":\"search_term_string\"}}],\"inLanguage\":\"es\"},{\"@type\":\"Organization\",\"@id\":\"https:\/\/imballaggi.samagroup.it\/es\/#organization\",\"name\":\"Sama Imballaggi Industriali S.r.l\",\"url\":\"https:\/\/imballaggi.samagroup.it\/es\/\",\"logo\":{\"@type\":\"ImageObject\",\"inLanguage\":\"es\",\"@id\":\"https:\/\/imballaggi.samagroup.it\/es\/#\/schema\/logo\/image\/\",\"url\":\"https:\/\/imballaggi.samagroup.it\/wp-content\/uploads\/logo-sama-imballaggi.png\",\"contentUrl\":\"https:\/\/imballaggi.samagroup.it\/wp-content\/uploads\/logo-sama-imballaggi.png\",\"width\":520,\"height\":254,\"caption\":\"Sama Imballaggi Industriali S.r.l\"},\"image\":{\"@id\":\"https:\/\/imballaggi.samagroup.it\/es\/#\/schema\/logo\/image\/\"}}]}<\/script>\n<!-- \/ Yoast SEO plugin. -->","yoast_head_json":{"title":"Pol\u00edtica de Privacidad - Sama Imballaggi Industriali S.r.l","description":"Informaci\u00f3n sobre el tratamiento de datos personales. En vigor desde 20 junio 2025","robots":{"index":"index","follow":"follow","max-snippet":"max-snippet:-1","max-image-preview":"max-image-preview:large","max-video-preview":"max-video-preview:-1"},"canonical":"https:\/\/imballaggi.samagroup.it\/es\/politica-privacidad\/","og_locale":"es_ES","og_type":"article","og_title":"Pol\u00edtica de Privacidad - Sama Imballaggi Industriali S.r.l","og_description":"Informaci\u00f3n sobre el tratamiento de datos personales. En vigor desde 20 junio 2025","og_url":"https:\/\/imballaggi.samagroup.it\/es\/politica-privacidad\/","og_site_name":"Sama Imballaggi Industriali S.r.l","article_modified_time":"2025-08-25T08:32:28+00:00","twitter_card":"summary_large_image","twitter_misc":{"Tiempo de lectura":"11 minutos"},"schema":{"@context":"https:\/\/schema.org","@graph":[{"@type":"WebPage","@id":"https:\/\/imballaggi.samagroup.it\/es\/politica-privacidad\/","url":"https:\/\/imballaggi.samagroup.it\/es\/politica-privacidad\/","name":"Pol\u00edtica de Privacidad - Sama Imballaggi Industriali S.r.l","isPartOf":{"@id":"https:\/\/imballaggi.samagroup.it\/es\/#website"},"datePublished":"2024-12-18T09:50:07+00:00","dateModified":"2025-08-25T08:32:28+00:00","description":"Informaci\u00f3n sobre el tratamiento de datos personales. En vigor desde 20 junio 2025","breadcrumb":{"@id":"https:\/\/imballaggi.samagroup.it\/es\/politica-privacidad\/#breadcrumb"},"inLanguage":"es","potentialAction":[{"@type":"ReadAction","target":["https:\/\/imballaggi.samagroup.it\/es\/politica-privacidad\/"]}]},{"@type":"BreadcrumbList","@id":"https:\/\/imballaggi.samagroup.it\/es\/politica-privacidad\/#breadcrumb","itemListElement":[{"@type":"ListItem","position":1,"name":"Home","item":"https:\/\/imballaggi.samagroup.it\/es\/inicio\/"},{"@type":"ListItem","position":2,"name":"Pol\u00edtica de Privacidad"}]},{"@type":"WebSite","@id":"https:\/\/imballaggi.samagroup.it\/es\/#website","url":"https:\/\/imballaggi.samagroup.it\/es\/","name":"Sama Imballaggi Industriali S.r.l","description":"Il Gruppo che muove la carta da oltre trent&#039;anni","publisher":{"@id":"https:\/\/imballaggi.samagroup.it\/es\/#organization"},"potentialAction":[{"@type":"SearchAction","target":{"@type":"EntryPoint","urlTemplate":"https:\/\/imballaggi.samagroup.it\/es\/?s={search_term_string}"},"query-input":{"@type":"PropertyValueSpecification","valueRequired":true,"valueName":"search_term_string"}}],"inLanguage":"es"},{"@type":"Organization","@id":"https:\/\/imballaggi.samagroup.it\/es\/#organization","name":"Sama Imballaggi Industriali S.r.l","url":"https:\/\/imballaggi.samagroup.it\/es\/","logo":{"@type":"ImageObject","inLanguage":"es","@id":"https:\/\/imballaggi.samagroup.it\/es\/#\/schema\/logo\/image\/","url":"https:\/\/imballaggi.samagroup.it\/wp-content\/uploads\/logo-sama-imballaggi.png","contentUrl":"https:\/\/imballaggi.samagroup.it\/wp-content\/uploads\/logo-sama-imballaggi.png","width":520,"height":254,"caption":"Sama Imballaggi Industriali S.r.l"},"image":{"@id":"https:\/\/imballaggi.samagroup.it\/es\/#\/schema\/logo\/image\/"}}]}},"_links":{"self":[{"href":"https:\/\/imballaggi.samagroup.it\/es\/wp-json\/wp\/v2\/pages\/3617","targetHints":{"allow":["GET"]}}],"collection":[{"href":"https:\/\/imballaggi.samagroup.it\/es\/wp-json\/wp\/v2\/pages"}],"about":[{"href":"https:\/\/imballaggi.samagroup.it\/es\/wp-json\/wp\/v2\/types\/page"}],"author":[{"embeddable":true,"href":"https:\/\/imballaggi.samagroup.it\/es\/wp-json\/wp\/v2\/users\/1"}],"replies":[{"embeddable":true,"href":"https:\/\/imballaggi.samagroup.it\/es\/wp-json\/wp\/v2\/comments?post=3617"}],"version-history":[{"count":9,"href":"https:\/\/imballaggi.samagroup.it\/es\/wp-json\/wp\/v2\/pages\/3617\/revisions"}],"predecessor-version":[{"id":4017,"href":"https:\/\/imballaggi.samagroup.it\/es\/wp-json\/wp\/v2\/pages\/3617\/revisions\/4017"}],"wp:attachment":[{"href":"https:\/\/imballaggi.samagroup.it\/es\/wp-json\/wp\/v2\/media?parent=3617"}],"curies":[{"name":"wp","href":"https:\/\/api.w.org\/{rel}","templated":true}]}}