{"id":4009,"date":"2025-03-24T08:38:34","date_gmt":"2025-03-24T08:38:34","guid":{"rendered":"https:\/\/imballaggi.samagroup.it\/?page_id=4009"},"modified":"2025-07-31T14:04:10","modified_gmt":"2025-07-31T14:04:10","slug":"uso-de-cookies","status":"publish","type":"page","link":"https:\/\/imballaggi.samagroup.it\/es\/uso-de-cookies\/","title":{"rendered":"Uso de cookies"},"content":{"rendered":"<h2><\/h2>\n<h2><strong>Informaci\u00f3n sobre el uso de cookies.<\/strong><\/h2>\n<p><strong>Pre\u00e1mbulo<\/strong><\/p>\n<p>Esta pol\u00edtica de cookies se aplica al sitio web www.imballaggi.samagroup.it (<strong>Sitio<\/strong>). El documento tiene en cuenta el Reglamento Europeo de Protecci\u00f3n de Datos 679\/2016 (<strong>RGPD<\/strong>).<\/p>\n<p><strong>Controlador de datos<\/strong>:<\/p>\n<p>&nbsp;<\/p>\n<p><strong>INFORMACI\u00d3N GENERAL<\/strong><\/p>\n<h4><strong>Qu\u00e9 son las cookies y para qu\u00e9 se utilizan<\/strong><\/h4>\n<p>Una cookie es un archivo de texto que un sitio web visitado por el usuario env\u00eda a su terminal (ordenador, dispositivo m\u00f3vil como un smartphone o una tableta), donde se almacena con el fin de ser transmitido de nuevo a ese sitio en una visita posterior al mismo.<\/p>\n<p>C\u00f3mo se distinguen las cookies:<\/p>\n<ul>\n<li>en funci\u00f3n de la parte que las instala, dependiendo de si es el mismo operador del sitio visitado (las llamadas \u00abcookies de origen\u00bb) o una parte diferente (las llamadas \u00abcookies de terceros\u00bb);<\/li>\n<li>en funci\u00f3n de la finalidad de cada cookie: algunas cookies permiten mejorar la navegaci\u00f3n almacenando determinadas opciones del usuario, por ejemplo, el idioma (las denominadas \u00abcookies t\u00e9cnicas\u00bb), otras cookies permiten hacer un seguimiento de la navegaci\u00f3n del usuario, tambi\u00e9n con el fin de enviarle publicidad y\/o ofrecerle servicios acordes con sus preferencias (las denominadas \u00abcookies de perfil\u00bb).<\/li>\n<\/ul>\n<p>S\u00f3lo las cookies de perfiles requieren el consentimiento previo del usuario para su uso.<\/p>\n<p>El Controlador de Datos s\u00f3lo es responsable de las cookies de origen que instala en el Sitio.<\/p>\n<p>A la secci\u00f3n \u00ab<strong>Cookies t\u00e9cnicas de origen<\/strong>\u00bb Puede ver los tipos de cookies t\u00e9cnicas de origen emitidas por el sitio.<\/p>\n<p>La gesti\u00f3n de las cookies de perfil se describe en la secci\u00f3n \u00ab<strong>Cookies de perfil de terceros<\/strong>\u00ab.<\/p>\n<p>Sin embargo, tambi\u00e9n puede activar\/desactivar las cookies a trav\u00e9s de las opciones de su navegador<\/p>\n<p>Utilizamos servicios de Google, como Google Ads y Google Analytics, para personalizar la publicidad y mejorar la experiencia del usuario. Esto incluye la recopilaci\u00f3n de datos personales y cookies, utilizados para mostrarte anuncios acordes con tus preferencias. Al dar tu consentimiento, se te pedir\u00e1 que autorices el uso de estos datos. Puedes encontrar m\u00e1s informaci\u00f3n sobre c\u00f3mo Google utiliza tus datos personales accediendo a este enlace:\u00a0<a href=\"https:\/\/business.safety.google\/privacy\/\" target=\"__blank\">https:\/\/business.safety.google\/privacy\/<\/a><\/p>\n<p>&nbsp;<\/p>\n<p><strong>Internet Explorer<\/strong><\/p>\n<p>Acceder al men\u00fa<strong>\u00a0Instrumentos<\/strong>;\u00a0<strong>Opciones<\/strong>;<strong>Internet<\/strong>.<\/p>\n<p>pulse en\u00a0<strong>Privacidad<\/strong>;<strong>Avanzadas<\/strong>;<strong>Cookie<\/strong>: seleccione sus preferencias.<\/p>\n<p>&nbsp;<\/p>\n<p><strong>Google Chrome<\/strong><\/p>\n<p>Pulse en\u00a0<strong>Men\u00fa de Chrome<\/strong>, correspondiente al bot\u00f3n de la esquina superior derecha.<\/p>\n<p>Seleccionar<strong>\u00a0Configuraci\u00f3n<\/strong>;<strong>Avanzadas<\/strong>.<\/p>\n<p>en la secci\u00f3n<strong>Privacidad y seguridad<\/strong>, pulse el bot\u00f3n\u00a0<strong>Configuraci\u00f3n del contenido<\/strong>.<\/p>\n<p>Seleccione sus opciones preferidas en el<strong>Cookie<\/strong>.<\/p>\n<p>&nbsp;<\/p>\n<p><strong>Firefox<\/strong><\/p>\n<p>Haga clic<strong>Herramientas<\/strong>;<strong>Opciones<\/strong>.<\/p>\n<p>Haga clic<strong>Privacidad y seguridad<\/strong>.<\/p>\n<p>Seleccionar<strong>Utilizar ajustes personalizados para el historial<\/strong>.<\/p>\n<p>Seleccione sus opciones preferidas en\u00a0<strong>Acepta cookies y datos de sitios web<\/strong>.<\/p>\n<p>&nbsp;<\/p>\n<p><strong>Safari<\/strong><\/p>\n<p>Haga clic<strong>Safari<\/strong>;<strong>Preferencias<\/strong>.<\/p>\n<p>Haga clic<strong>Privacidad y seguridad<\/strong>.<\/p>\n<p>Raga clic<strong>Bloquear cookies<\/strong>y seleccionar las opciones preferidas.<\/p>\n<p>&nbsp;<\/p>\n<section class=\"cookie-section\"><strong>Cookies T\u00e9cnicas de origen<\/strong>Estas cookies son necesarias para el funcionamiento del Sitio y no pueden ser desactivadas.<\/section>\n<p>&nbsp;<\/p>\n<section class=\"cookie-section\"><strong>Cookies de perfiles publicitarios de terceros<\/strong>Cookies utilizadas para ofrecer publicidad basada en los intereses expresados a trav\u00e9s de la navegaci\u00f3n por Internet.\u00a0<\/section>\n<p>&nbsp;<\/p>\n<section class=\"cookie-section\"><strong>Cookies de terceros y de elaboraci\u00f3n de perfiles estad\u00edstico<\/strong>Cookies utilizadas con fines estad\u00edsticos y anal\u00edticos.<\/p>\n<table>\n<thead>\n<tr>\n<th>Nombre<\/th>\n<th>Proveedor<\/th>\n<th>Descripci\u00f3n<\/th>\n<th>Duraci\u00f3n<\/th>\n<th>Pol\u00edtica de privacidad<\/th>\n<th>M\u00f3dulo de consentimiento<\/th>\n<th>Servicios de Google habilitados<\/th>\n<\/tr>\n<\/thead>\n<tbody>\n<tr>\n<td>Google Analytics 4<\/td>\n<td>Google LLC.<\/td>\n<td>Permite la prestaci\u00f3n de servicios de elaboraci\u00f3n de perfiles estad\u00edsticos ofrecidos por Google.<\/td>\n<td>2 a\u00f1os<\/td>\n<td>https:\/\/support.google.com\/analytics\/answer\/12017362?hl=es<\/td>\n<td>El formulario de consentimiento no est\u00e1 disponible. Utilice las opciones de su navegador.<\/td>\n<td>Yes<\/td>\n<\/tr>\n<tr>\n<td>Google Tag Manager<\/td>\n<td>Google LLC.<\/td>\n<td>Esta cookie permite el funcionamiento de Google Tag Manager.<\/td>\n<td>90 d\u00edas<\/td>\n<td>https:\/\/policies.google.com\/privacy?hl=es<\/td>\n<td>Formulario de consentimiento no disponible. Por favor, utilice la configuraci\u00f3n de su navegador para ejercer sus opciones sobre esta cookie.<\/td>\n<td>Yes<\/td>\n<\/tr>\n<\/tbody>\n<\/table>\n<\/section>\n<p>&nbsp;<\/p>\n<div>\n<p><strong>Sus derechos<\/strong><\/p>\n<p>De conformidad con el art\u00edculo 13 del RGPD, el Controlador de Datos le informa de que tiene derecho a:<\/p>\n<ul>\n<li>solicitar al Controlador de Datos el acceso a sus datos personales y la rectificaci\u00f3n o supresi\u00f3n de los mismos o la limitaci\u00f3n del tratamiento que le concierne, u oponerse a su tratamiento, as\u00ed como el derecho a la portabilidad de los datos<\/li>\n<li>retirar el consentimiento en cualquier momento sin perjuicio de la legalidad del tratamiento basado en el consentimiento dado antes de la retirada<\/li>\n<li>presentar una reclamaci\u00f3n ante una autoridad de control (por ejemplo, la Agencia de Protecci\u00f3n de Datos).<\/li>\n<\/ul>\n<p>Los derechos mencionados pueden ejercerse presentando una solicitud a los contactos indicados en el Pre\u00e1mbulo sin necesidad de formalidades.<\/p>\n<\/div>\n","protected":false},"excerpt":{"rendered":"<p>Informaci\u00f3n sobre el uso de cookies. Pre\u00e1mbulo Esta pol\u00edtica de cookies se aplica al sitio web www.imballaggi.samagroup.it (Sitio). El documento tiene en cuenta el Reglamento Europeo de Protecci\u00f3n de Datos&#8230;<\/p>\n","protected":false},"author":1,"featured_media":0,"parent":0,"menu_order":0,"comment_status":"closed","ping_status":"closed","template":"","meta":{"footnotes":""},"class_list":["post-4009","page","type-page","status-publish"],"yoast_head":"<!-- This site is optimized with the Yoast SEO plugin v26.4 - https:\/\/yoast.com\/wordpress\/plugins\/seo\/ -->\n<title>Uso de cookies - Sama Imballaggi Industriali S.r.l<\/title>\n<meta name=\"description\" content=\"Una cookie es un archivo de texto que un sitio web visitado por el usuario env\u00eda a su terminal, donde se almacena con el fin de ser transmitido de nuevo a ese sitio en una visita posterior al mismo.\" \/>\n<meta name=\"robots\" content=\"index, follow, max-snippet:-1, max-image-preview:large, max-video-preview:-1\" \/>\n<link rel=\"canonical\" href=\"https:\/\/imballaggi.samagroup.it\/es\/uso-de-cookies\/\" \/>\n<meta property=\"og:locale\" content=\"es_ES\" \/>\n<meta property=\"og:type\" content=\"article\" \/>\n<meta property=\"og:title\" content=\"Uso de cookies - Sama Imballaggi Industriali S.r.l\" \/>\n<meta property=\"og:description\" content=\"Una cookie es un archivo de texto que un sitio web visitado por el usuario env\u00eda a su terminal, donde se almacena con el fin de ser transmitido de nuevo a ese sitio en una visita posterior al mismo.\" \/>\n<meta property=\"og:url\" content=\"https:\/\/imballaggi.samagroup.it\/es\/uso-de-cookies\/\" \/>\n<meta property=\"og:site_name\" content=\"Sama Imballaggi Industriali S.r.l\" \/>\n<meta property=\"article:modified_time\" content=\"2025-07-31T14:04:10+00:00\" \/>\n<meta name=\"twitter:card\" content=\"summary_large_image\" \/>\n<meta name=\"twitter:label1\" content=\"Tiempo de lectura\" \/>\n\t<meta name=\"twitter:data1\" content=\"4 minutos\" \/>\n<script type=\"application\/ld+json\" class=\"yoast-schema-graph\">{\"@context\":\"https:\/\/schema.org\",\"@graph\":[{\"@type\":\"WebPage\",\"@id\":\"https:\/\/imballaggi.samagroup.it\/es\/uso-de-cookies\/\",\"url\":\"https:\/\/imballaggi.samagroup.it\/es\/uso-de-cookies\/\",\"name\":\"Uso de cookies - Sama Imballaggi Industriali S.r.l\",\"isPartOf\":{\"@id\":\"https:\/\/imballaggi.samagroup.it\/es\/#website\"},\"datePublished\":\"2025-03-24T08:38:34+00:00\",\"dateModified\":\"2025-07-31T14:04:10+00:00\",\"description\":\"Una cookie es un archivo de texto que un sitio web visitado por el usuario env\u00eda a su terminal, donde se almacena con el fin de ser transmitido de nuevo a ese sitio en una visita posterior al mismo.\",\"breadcrumb\":{\"@id\":\"https:\/\/imballaggi.samagroup.it\/es\/uso-de-cookies\/#breadcrumb\"},\"inLanguage\":\"es\",\"potentialAction\":[{\"@type\":\"ReadAction\",\"target\":[\"https:\/\/imballaggi.samagroup.it\/es\/uso-de-cookies\/\"]}]},{\"@type\":\"BreadcrumbList\",\"@id\":\"https:\/\/imballaggi.samagroup.it\/es\/uso-de-cookies\/#breadcrumb\",\"itemListElement\":[{\"@type\":\"ListItem\",\"position\":1,\"name\":\"Home\",\"item\":\"https:\/\/imballaggi.samagroup.it\/es\/inicio\/\"},{\"@type\":\"ListItem\",\"position\":2,\"name\":\"Uso de cookies\"}]},{\"@type\":\"WebSite\",\"@id\":\"https:\/\/imballaggi.samagroup.it\/es\/#website\",\"url\":\"https:\/\/imballaggi.samagroup.it\/es\/\",\"name\":\"Sama Imballaggi Industriali S.r.l\",\"description\":\"Il Gruppo che muove la carta da oltre trent&#039;anni\",\"publisher\":{\"@id\":\"https:\/\/imballaggi.samagroup.it\/es\/#organization\"},\"potentialAction\":[{\"@type\":\"SearchAction\",\"target\":{\"@type\":\"EntryPoint\",\"urlTemplate\":\"https:\/\/imballaggi.samagroup.it\/es\/?s={search_term_string}\"},\"query-input\":{\"@type\":\"PropertyValueSpecification\",\"valueRequired\":true,\"valueName\":\"search_term_string\"}}],\"inLanguage\":\"es\"},{\"@type\":\"Organization\",\"@id\":\"https:\/\/imballaggi.samagroup.it\/es\/#organization\",\"name\":\"Sama Imballaggi Industriali S.r.l\",\"url\":\"https:\/\/imballaggi.samagroup.it\/es\/\",\"logo\":{\"@type\":\"ImageObject\",\"inLanguage\":\"es\",\"@id\":\"https:\/\/imballaggi.samagroup.it\/es\/#\/schema\/logo\/image\/\",\"url\":\"https:\/\/imballaggi.samagroup.it\/wp-content\/uploads\/logo-sama-imballaggi.png\",\"contentUrl\":\"https:\/\/imballaggi.samagroup.it\/wp-content\/uploads\/logo-sama-imballaggi.png\",\"width\":520,\"height\":254,\"caption\":\"Sama Imballaggi Industriali S.r.l\"},\"image\":{\"@id\":\"https:\/\/imballaggi.samagroup.it\/es\/#\/schema\/logo\/image\/\"}}]}<\/script>\n<!-- \/ Yoast SEO plugin. -->","yoast_head_json":{"title":"Uso de cookies - Sama Imballaggi Industriali S.r.l","description":"Una cookie es un archivo de texto que un sitio web visitado por el usuario env\u00eda a su terminal, donde se almacena con el fin de ser transmitido de nuevo a ese sitio en una visita posterior al mismo.","robots":{"index":"index","follow":"follow","max-snippet":"max-snippet:-1","max-image-preview":"max-image-preview:large","max-video-preview":"max-video-preview:-1"},"canonical":"https:\/\/imballaggi.samagroup.it\/es\/uso-de-cookies\/","og_locale":"es_ES","og_type":"article","og_title":"Uso de cookies - Sama Imballaggi Industriali S.r.l","og_description":"Una cookie es un archivo de texto que un sitio web visitado por el usuario env\u00eda a su terminal, donde se almacena con el fin de ser transmitido de nuevo a ese sitio en una visita posterior al mismo.","og_url":"https:\/\/imballaggi.samagroup.it\/es\/uso-de-cookies\/","og_site_name":"Sama Imballaggi Industriali S.r.l","article_modified_time":"2025-07-31T14:04:10+00:00","twitter_card":"summary_large_image","twitter_misc":{"Tiempo de lectura":"4 minutos"},"schema":{"@context":"https:\/\/schema.org","@graph":[{"@type":"WebPage","@id":"https:\/\/imballaggi.samagroup.it\/es\/uso-de-cookies\/","url":"https:\/\/imballaggi.samagroup.it\/es\/uso-de-cookies\/","name":"Uso de cookies - Sama Imballaggi Industriali S.r.l","isPartOf":{"@id":"https:\/\/imballaggi.samagroup.it\/es\/#website"},"datePublished":"2025-03-24T08:38:34+00:00","dateModified":"2025-07-31T14:04:10+00:00","description":"Una cookie es un archivo de texto que un sitio web visitado por el usuario env\u00eda a su terminal, donde se almacena con el fin de ser transmitido de nuevo a ese sitio en una visita posterior al mismo.","breadcrumb":{"@id":"https:\/\/imballaggi.samagroup.it\/es\/uso-de-cookies\/#breadcrumb"},"inLanguage":"es","potentialAction":[{"@type":"ReadAction","target":["https:\/\/imballaggi.samagroup.it\/es\/uso-de-cookies\/"]}]},{"@type":"BreadcrumbList","@id":"https:\/\/imballaggi.samagroup.it\/es\/uso-de-cookies\/#breadcrumb","itemListElement":[{"@type":"ListItem","position":1,"name":"Home","item":"https:\/\/imballaggi.samagroup.it\/es\/inicio\/"},{"@type":"ListItem","position":2,"name":"Uso de cookies"}]},{"@type":"WebSite","@id":"https:\/\/imballaggi.samagroup.it\/es\/#website","url":"https:\/\/imballaggi.samagroup.it\/es\/","name":"Sama Imballaggi Industriali S.r.l","description":"Il Gruppo che muove la carta da oltre trent&#039;anni","publisher":{"@id":"https:\/\/imballaggi.samagroup.it\/es\/#organization"},"potentialAction":[{"@type":"SearchAction","target":{"@type":"EntryPoint","urlTemplate":"https:\/\/imballaggi.samagroup.it\/es\/?s={search_term_string}"},"query-input":{"@type":"PropertyValueSpecification","valueRequired":true,"valueName":"search_term_string"}}],"inLanguage":"es"},{"@type":"Organization","@id":"https:\/\/imballaggi.samagroup.it\/es\/#organization","name":"Sama Imballaggi Industriali S.r.l","url":"https:\/\/imballaggi.samagroup.it\/es\/","logo":{"@type":"ImageObject","inLanguage":"es","@id":"https:\/\/imballaggi.samagroup.it\/es\/#\/schema\/logo\/image\/","url":"https:\/\/imballaggi.samagroup.it\/wp-content\/uploads\/logo-sama-imballaggi.png","contentUrl":"https:\/\/imballaggi.samagroup.it\/wp-content\/uploads\/logo-sama-imballaggi.png","width":520,"height":254,"caption":"Sama Imballaggi Industriali S.r.l"},"image":{"@id":"https:\/\/imballaggi.samagroup.it\/es\/#\/schema\/logo\/image\/"}}]}},"_links":{"self":[{"href":"https:\/\/imballaggi.samagroup.it\/es\/wp-json\/wp\/v2\/pages\/4009","targetHints":{"allow":["GET"]}}],"collection":[{"href":"https:\/\/imballaggi.samagroup.it\/es\/wp-json\/wp\/v2\/pages"}],"about":[{"href":"https:\/\/imballaggi.samagroup.it\/es\/wp-json\/wp\/v2\/types\/page"}],"author":[{"embeddable":true,"href":"https:\/\/imballaggi.samagroup.it\/es\/wp-json\/wp\/v2\/users\/1"}],"replies":[{"embeddable":true,"href":"https:\/\/imballaggi.samagroup.it\/es\/wp-json\/wp\/v2\/comments?post=4009"}],"version-history":[{"count":4,"href":"https:\/\/imballaggi.samagroup.it\/es\/wp-json\/wp\/v2\/pages\/4009\/revisions"}],"predecessor-version":[{"id":4024,"href":"https:\/\/imballaggi.samagroup.it\/es\/wp-json\/wp\/v2\/pages\/4009\/revisions\/4024"}],"wp:attachment":[{"href":"https:\/\/imballaggi.samagroup.it\/es\/wp-json\/wp\/v2\/media?parent=4009"}],"curies":[{"name":"wp","href":"https:\/\/api.w.org\/{rel}","templated":true}]}}